{"id":58,"date":"2011-09-29T15:32:44","date_gmt":"2011-09-29T13:32:44","guid":{"rendered":"http:\/\/ktcsormland.se\/?page_id=58"},"modified":"2023-07-12T20:44:18","modified_gmt":"2023-07-12T18:44:18","slug":"hem","status":"publish","type":"page","link":"https:\/\/ktcsormland.se\/","title":{"rendered":"Psykoterapi"},"content":{"rendered":"<h3>Strukturerad psykoterapeutisk samtalsbehandling med kognitiv inriktning. Vi arbetar med all problematik s\u00e5 som \u00e5ngest, livskriser, depression, tv\u00e5ngssyndrom samt fobier. Vi erbjuder psykoterapeutisk behandling hos oss p\u00e5 v\u00e5r mottagning samt Skype, FaceTime, telefon och chatt.<\/h3>\n<h3><span style=\"color: #000000;\"><strong>V\u00e4lkommen att kontakta Kris &amp; TraumaCentrum S\u00f6rmland<\/strong><\/span><\/h3>\n<h3>Ring 076-405 92 09 eller skicka e-post till: <a href=\"mailto:info@ktcsormland.se\">info@ktcsormland.se <\/a>Det g\u00e5r bra att l\u00e4mna ett meddelande eller mail, s\u00e5 \u00e5terkommer vi s\u00e5 snart som m\u00f6jligt.<\/h3>\n<h3><span style=\"color: #000000;\">Du kan \u00e4ven kontakta Kris &amp; TraumaCentrum S\u00f6rmland f\u00f6r fr\u00e5gor kring konsultation, handledning, fortbildning, samt ramavtal. Vi pratar \u00e4ven finska.<\/span><\/h3>\n<h3><span style=\"color: #000000;\"><strong>Bes\u00f6ksavgift<\/strong><\/span><\/h3>\n<h3>Individuell psykoterapi, 1000 kr\/session (45 minuter). Par och familjesamtal 1600kr\/session<span style=\"color: #000000;\"> (60<\/span> minuter), som swishas vid bes\u00f6ket eller faktureras.\u00a0<\/h3>\n<h3>Kris och Trauma Centrum har inte v\u00e5rdavtal med Region S\u00f6rmland.<\/h3>\n<h3><span style=\"color: #000000;\"><strong>Avbokningsregler<\/strong><\/span><\/h3>\n<h3>Avbokning eller ombokning av tid skall g\u00f6ras senast 24 timmar innan det bokade bes\u00f6ket. Sen avbokning samt uteblivet bes\u00f6k debiteras med full taxa. Avbokning\/ombokning g\u00f6rs direkt till din behandlare via sms eller telefon.<\/h3>\n<p>\u00a0<\/p>\n<h3><a href=\"https:\/\/ktcsormland.se\/?attachment_id=2578\" rel=\"attachment wp-att-2578\"><img loading=\"lazy\" decoding=\"async\" class=\"wp-image-2578 alignleft\" src=\"http:\/\/media.ktcsormland.se\/2023\/04\/bild.gif\" alt=\"\" width=\"113\" height=\"98\" \/><\/a><\/h3>\n<h3><span style=\"color: #339966;\"><em><span style=\"color: #339966;\">Ibland \u00e4r livet tungt f\u00f6r alla. Du vet inte hur du skall klara av vardagen. Det kan vara<\/span> <span style=\"color: #339966;\">ett d\u00e5ligt m\u00e5ende du inte f\u00f6rst\u00e5r orsaken till, en relation som inte fungerar, en uppv\u00e4xt<\/span> <span style=\"color: #339966;\">som l\u00e4mnat \u00e4rr, en traumatisk h\u00e4ndelse i ditt liv som p\u00e5verkar dina tankar, k\u00e4nslor<\/span> <span style=\"color: #339966;\">eller ditt beteende.<\/span><\/em><\/span><\/h3>\n<h3><em><span style=\"color: #339966;\">Cirka 80 % \u00a0av Sveriges befolkning kommer i kontakt med psykisk oh\u00e4lsa n\u00e5gon g\u00e5ng i<\/span> <span style=\"color: #339966;\">livet. Vi har m\u00e5nga \u00e5rs erfarenhet av att hj\u00e4lpa m\u00e4nniskor som hamnar i sv\u00e5righeter\u00a0<\/span> <span style=\"color: #339966;\">av olika orsaker.<\/span><\/em><\/h3>\n<h3><span style=\"color: #008000;\"><em><span style=\"color: #339966;\">Kognitiv beteendeterapi \u00e4r en effektiv metod att behandla \u00e5ngest, depression samt annan form av psykisk oh\u00e4lsa. Vi ser \u00e4ven till betydelsen av anknytningsteori som utg\u00f6r ett fundament i livets utveckling. Men i slut\u00e4nden finns det bara bra terapi, inget annat. Terapi ska inte f\u00f6rsv\u00e5ra eller vara skr\u00e4mmande, det ska ge trygghet. Du som klient och jag som terapeut arbetar tillsammans f\u00f6r att hitta l\u00f6sningar och insikter som leder dig<\/span> <span style=\"color: #339966;\">vidare i livet.<\/span><\/em><\/span><\/h3>\n<h1><a href=\"https:\/\/ktcsormland.se\/?attachment_id=1401\" rel=\"attachment wp-att-1401\"><img loading=\"lazy\" decoding=\"async\" class=\"alignleft size-full wp-image-1401\" src=\"http:\/\/media.ktcsormland.se\/2011\/09\/h\u00e4mta1.jpg-bild1.jpg\" alt=\"\" width=\"239\" height=\"157\" \/><\/a><\/h1>\n<p>\u00a0<\/p>\n<h3><span style=\"color: #000000;\"><strong>Kris &amp; TraumaCentrum S\u00f6rmland S:t Annegatan 2 B i Nyk\u00f6ping. Telefon: 076-405 92 09 alt. Mail: <\/strong><\/span><a title=\"info@ktcsormland.se\" href=\"mailto:info@ktcsormland.se\">info@ktcsormland.se<\/a><\/h3>\n<p><span style=\"color: #ff6600;\"><strong><span style=\"color: #000000;\">Du hittar oss \u00e4ven p\u00e5<a href=\"https:\/\/www.facebook.com\/ktc.sormland\"><span style=\"color: #333399;\">Facebook<\/span><\/a><\/span>\u00a0<a href=\"https:\/\/instagram.com\/krisochtraumacentrum?utm_source=ig_profile_share&amp;igshid=m2vt79qhawm6\"><span style=\"color: #f21505;\">Instagram<\/span><\/a><\/strong><\/span><\/p>\n<p>\u00a0<\/p>\n\n\n<p><\/p>\n\n\n\n\n\n<figure class=\"wp-block-gallery has-nested-images columns-default is-cropped wp-block-gallery-1 is-layout-flex wp-block-gallery-is-layout-flex\"><\/figure>\n\n\n\n<figure class=\"wp-block-gallery has-nested-images columns-default is-cropped wp-block-gallery-2 is-layout-flex wp-block-gallery-is-layout-flex\"><\/figure>\n\n\n\n\n\n\n\n\n","protected":false},"excerpt":{"rendered":"<p>Strukturerad psykoterapeutisk samtalsbehandling med kognitiv inriktning. Vi arbetar med all problematik s\u00e5 som \u00e5ngest, livskriser, depression, tv\u00e5ngssyndrom samt fobier. Vi erbjuder psykoterapeutisk behandling hos oss p\u00e5 v\u00e5r mottagning samt Skype, FaceTime, telefon och chatt. V\u00e4lkommen att kontakta Kris &amp; TraumaCentrum &hellip; <a href=\"https:\/\/ktcsormland.se\/\">Forts\u00e4tt l\u00e4sa <span class=\"meta-nav\">&rarr;<\/span><\/a><\/p>\n","protected":false},"author":1,"featured_media":0,"parent":0,"menu_order":0,"comment_status":"closed","ping_status":"closed","template":"","meta":{"footnotes":""},"class_list":["post-58","page","type-page","status-publish","hentry"],"_links":{"self":[{"href":"https:\/\/ktcsormland.se\/index.php?rest_route=\/wp\/v2\/pages\/58","targetHints":{"allow":["GET"]}}],"collection":[{"href":"https:\/\/ktcsormland.se\/index.php?rest_route=\/wp\/v2\/pages"}],"about":[{"href":"https:\/\/ktcsormland.se\/index.php?rest_route=\/wp\/v2\/types\/page"}],"author":[{"embeddable":true,"href":"https:\/\/ktcsormland.se\/index.php?rest_route=\/wp\/v2\/users\/1"}],"replies":[{"embeddable":true,"href":"https:\/\/ktcsormland.se\/index.php?rest_route=%2Fwp%2Fv2%2Fcomments&post=58"}],"version-history":[{"count":325,"href":"https:\/\/ktcsormland.se\/index.php?rest_route=\/wp\/v2\/pages\/58\/revisions"}],"predecessor-version":[{"id":2582,"href":"https:\/\/ktcsormland.se\/index.php?rest_route=\/wp\/v2\/pages\/58\/revisions\/2582"}],"wp:attachment":[{"href":"https:\/\/ktcsormland.se\/index.php?rest_route=%2Fwp%2Fv2%2Fmedia&parent=58"}],"curies":[{"name":"wp","href":"https:\/\/api.w.org\/{rel}","templated":true}]}}