{"id":42,"date":"2011-09-29T11:02:25","date_gmt":"2011-09-29T09:02:25","guid":{"rendered":"http:\/\/ktcsormland.se\/?page_id=42"},"modified":"2023-01-22T16:35:37","modified_gmt":"2023-01-22T15:35:37","slug":"lankar","status":"publish","type":"page","link":"https:\/\/ktcsormland.se\/?page_id=42","title":{"rendered":"L\u00e4nkar"},"content":{"rendered":"<p align=\"left\"><a href=\"https:\/\/ktcsormland.se\/?attachment_id=1160\" rel=\"attachment wp-att-1160\"><img loading=\"lazy\" decoding=\"async\" class=\"alignleft size-medium wp-image-1160\" src=\"http:\/\/media.ktcsormland.se\/2011\/10\/monitorBlue-300x168.jpg\" alt=\"\" width=\"300\" height=\"168\" srcset=\"http:\/\/media.ktcsormland.se\/2011\/10\/monitorBlue-300x168.jpg 300w, http:\/\/media.ktcsormland.se\/2011\/10\/monitorBlue.jpg 400w\" sizes=\"auto, (max-width: 300px) 100vw, 300px\" \/><\/a><\/p>\n<p align=\"left\"><span style=\"color: #0000ff;\"><span style=\"text-decoration: underline;\"><a style=\"color: #0000ff; text-decoration: underline;\" title=\"http:\/\/www.ncbi.nlm.nih.gov\/pubmed\/ \" href=\"http:\/\/www.ncbi.nlm.nih.gov\/pubmed\/\" target=\"_blank\" rel=\"noopener noreferrer\">www.ncbi.nlm.nih.gov\/pubmed\/<\/a><\/span>\u00a0<\/span><span style=\"color: #000000;\">PubMed is a service of the U.S. National Library of Medicine that includes over 18 million citations from MEDLINE and other life science journals for biomedical articles back to 1948. PubMed includes links to full text articles and other related resources.<\/span><\/p>\n<p align=\"left\"><span style=\"color: #3366ff;\"><span style=\"color: #0000ff; text-decoration: underline;\"><a style=\"color: #0000ff; text-decoration: underline;\" title=\"http:\/\/www.enijenhuis.nl\/ \" href=\"http:\/\/www.enijenhuis.nl\/\" target=\"_blank\" rel=\"noopener noreferrer\">www.enijenhuis.nl\/<\/a><\/span>\u00a0<\/span><span style=\"color: #000000;\">Ellert R.S. Nijenhuis, Ph.D., is a clinical psychologist, psychotherapist, and researcher.<\/span><\/p>\n<p align=\"left\"><span style=\"color: #0000ff; text-decoration: underline;\"><a style=\"color: #0000ff; text-decoration: underline;\" title=\"http:\/\/www.isst-d.org\/\" href=\"http:\/\/www.isst-d.org\/\" target=\"_blank\" rel=\"noopener noreferrer\">http:\/\/www.isst-d.org\/<\/a><\/span>\u00a0<span style=\"color: #000000;\">International Society for the Study of Trauma and Dissociation.<\/span><\/p>\n<p align=\"left\"><span style=\"color: #0000ff; text-decoration: underline;\"><a style=\"color: #0000ff; text-decoration: underline;\" href=\"http:\/\/ki.se\/nasp\/start\">http:\/\/ki.se\/nasp\/start\u00a0<\/a><\/span><span style=\"color: #000000;\">NASP &#8211; Nationell prevention av suicid och psykisk oh\u00e4lsa vid Karolinska Institutet och Stockholms L\u00e4ns Landstings centrum f\u00f6r suicidforskning och prevention av psykisk oh\u00e4lsa.<\/span><\/p>\n<p align=\"left\"><span style=\"color: #0000ff; text-decoration: underline;\"><a style=\"color: #0000ff; text-decoration: underline;\" title=\"http:\/\/traumahealing.com\/\" href=\"http:\/\/traumahealing.com\/\" target=\"_blank\" rel=\"noopener noreferrer\">http:\/\/traumahealing.com\/<\/a>\u00a0<\/span><span style=\"color: #000000;\">The Foundation for Human Enrichment is a non-profit, educational and research organization dedicated to the worldwide healing and prevention of trauma. We provide professional training in Somatic Experiencing\u00ae and outreach to underserved populations and victims of violence, war and natural disasters.<\/span><\/p>\n<p align=\"left\"><span style=\"color: #3366ff; text-decoration: underline;\"><span style=\"color: #0000ff;\"><a style=\"color: #0000ff; text-decoration: underline;\" title=\"http:\/\/www.traumacenter.org\/ \" href=\"http:\/\/www.traumacenter.org\/\" target=\"_blank\" rel=\"noopener noreferrer\">www.traumacenter.org\/<\/a><\/span>\u00a0<\/span><span style=\"color: #000000;\">Welcome to the Trauma CenterThe Trauma Center is a program<\/span> of\u00a0<span style=\"color: #0000ff;\"><span style=\"text-decoration: underline;\"><a style=\"color: #0000ff; text-decoration: underline;\" href=\"http:\/\/www.jri.org\/\" target=\"_blank\" rel=\"noopener noreferrer\">Justice Resource Institute (JR1)<\/a><\/span>,<\/span>\u00a0<span style=\"color: #000000;\">a large nonprofit organization dedicated to social justice by offering hope and promise of fulfillment to children, adults, and families who are at risk of not receiving effective services essential to their safety, progress, and\/or survival. The Executive Director of the Trauma Center is Joseph Spinazzola, Ph.D., and the Medical Director and Founder of the Trauma Center is Bessel van der Kolk, MD, who is an internationally recognized leader in the field of psychological trauma.<\/span><\/p>\n<p align=\"left\"><span style=\"color: #000000;\"><span style=\"color: #3366ff; text-decoration: underline;\"><span style=\"color: #0000ff;\"><a style=\"color: #0000ff; text-decoration: underline;\" title=\"http:\/\/www.beckinstitute.org\/ \" href=\"http:\/\/www.beckinstitute.org\/\" target=\"_blank\" rel=\"noopener noreferrer\">www.beckinstitute.org\/<\/a><\/span>\u00a0<\/span>The Beck Institute for Cognitive Therapy and Research was founded in 1994 as a natural outgrowth of Dr. Aaron T. Beck&#8217;s original Center for Cognitive Therapy at the University of Pennsylvania, which has served as a critically important training ground for cognitive therapists \/ cognitive-behavior therapists.<\/span><\/p>\n<p align=\"left\"><span style=\"color: #0000ff; text-decoration: underline;\"><a style=\"color: #0000ff; text-decoration: underline;\" title=\"http:\/\/www.cochrane.org\/ \" href=\"http:\/\/www.cochrane.org\/\" target=\"_blank\" rel=\"noopener noreferrer\">www.cochrane.org\/<\/a><\/span>\u00a0<span style=\"color: #000000;\">Welcome to The Cochrane Library. The Cochrane Library contains high-quality, independent evidence to inform healthcare decision-making. It includes reliable evidence from Cochrane and other systematic reviews, clinical trials, and more. Cochrane reviews bring you the combined results of the world\u2019s best medical research studies, and are recognised as the gold standard in evidence-based health care.<\/span><\/p>\n<p align=\"left\"><span style=\"color: #3366ff; text-decoration: underline;\"><span style=\"color: #0000ff;\"><a style=\"color: #0000ff; text-decoration: underline;\" title=\"http:\/\/www.apa.org\/ \" href=\"http:\/\/www.apa.org\/\" target=\"_blank\" rel=\"noopener noreferrer\">www.apa.org\/<\/a><\/span>\u00a0<\/span><span style=\"color: #000000;\">American Psychological Association (APA). Based in Washington, DC, the American Psychological Association (APA) is a scientific and professional organization that represents psychology in the United States. With 150,000 members, APA is the largest association of psychologists worldwide.<\/span><\/p>\n<p><span style=\"color: #0000ff; text-decoration: underline;\"><a style=\"color: #0000ff; text-decoration: underline;\" href=\" http:\/\/www.socialstyrelsen.se\/Lists\/Artikelkatalog\/Attachments\/8686\/2008-123-16_200812317.pdf\">http:\/\/www.socialstyrelsen.se\/Lists\/Artikelkatalog\/Attachments\/8686\/2008-123-16_200812317.pdf<\/a><\/span><span style=\"color: #000000;\">Dokumentet \u201dKrisst\u00f6d vid allvarlig h\u00e4ndelse\u201d \u00e4r ett underlag fr\u00e5n experter och \u00e4r avsett att ge underlag f\u00f6r lokal och regional planering av krisst\u00f6d till drabbade vid en allvarlig h\u00e4ndelse. Underlaget \u00e4r utarbetat vid Socialstyrelsens Kunskapscentrum f\u00f6r Katastrofpsykiatri (KcKP) med st\u00f6d av en extern arbetsgrupp. Publicerad maj 2008.<\/span><\/p>\n<p><span style=\"color: #000000;\"><span style=\"color: #3366ff;\"><span style=\"color: #0000ff; text-decoration: underline;\"><a style=\"color: #0000ff; text-decoration: underline;\" href=\"http:\/\/www.kommersiellanalys.se\/\">http:\/\/www.kommersiellanalys.se\/<\/a><\/span>\u00a0<\/span><span style=\"color: #000000;\">Omv\u00e4rldsanalys samt omv\u00e4rldsbevakning. Samlar information om h\u00e4ndelser och akt\u00f6rer. Arbetet \u00e4r inriktat mot framtiden och att ta fram beslutsunderlag.<\/span><\/span><\/p>\n<p align=\"left\"><span style=\"color: #3366ff;\"><span style=\"color: #0000ff;\"><a style=\"color: #0000ff;\" href=\"http:\/\/www.tsheo.com.af\/index.php\/\">http:\/\/www.<\/a><a style=\"color: #0000ff;\" href=\"http:\/\/www.tsheo.com.af\/index.php\/\">tsheo<\/a><a style=\"color: #0000ff;\" href=\"http:\/\/www.tsheo.com.af\/index.php\/\">.com.<\/a><a style=\"color: #0000ff;\" href=\"http:\/\/www.tsheo.com.af\/index.php\/\">af\/index.php<\/a>\u00a0<a style=\"color: #0000ff;\" href=\"http:\/\/www.tsheo.com.af\/index.php\/\">Tabish<\/a><\/span>\u00a0<\/span><span style=\"color: #000000;\">Social Health Education organization\/ Afghanistan.<\/span><\/p>\n<p align=\"left\"><span style=\"color: #0000ff;\"><a style=\"color: #0000ff;\" href=\"https:\/\/www.erikarosenberg.com\/\">Erika Rosenberg, Ph.D.<\/a><\/span><\/p>\n<p align=\"left\">\n","protected":false},"excerpt":{"rendered":"<p>www.ncbi.nlm.nih.gov\/pubmed\/\u00a0PubMed is a service of the U.S. National Library of Medicine that includes over 18 million citations from MEDLINE and other life science journals for biomedical articles back to 1948. PubMed includes links to full text articles and other related &hellip; <a href=\"https:\/\/ktcsormland.se\/?page_id=42\">Forts\u00e4tt l\u00e4sa <span class=\"meta-nav\">&rarr;<\/span><\/a><\/p>\n","protected":false},"author":1,"featured_media":0,"parent":0,"menu_order":0,"comment_status":"closed","ping_status":"closed","template":"","meta":{"footnotes":""},"class_list":["post-42","page","type-page","status-publish","hentry"],"_links":{"self":[{"href":"https:\/\/ktcsormland.se\/index.php?rest_route=\/wp\/v2\/pages\/42","targetHints":{"allow":["GET"]}}],"collection":[{"href":"https:\/\/ktcsormland.se\/index.php?rest_route=\/wp\/v2\/pages"}],"about":[{"href":"https:\/\/ktcsormland.se\/index.php?rest_route=\/wp\/v2\/types\/page"}],"author":[{"embeddable":true,"href":"https:\/\/ktcsormland.se\/index.php?rest_route=\/wp\/v2\/users\/1"}],"replies":[{"embeddable":true,"href":"https:\/\/ktcsormland.se\/index.php?rest_route=%2Fwp%2Fv2%2Fcomments&post=42"}],"version-history":[{"count":98,"href":"https:\/\/ktcsormland.se\/index.php?rest_route=\/wp\/v2\/pages\/42\/revisions"}],"predecessor-version":[{"id":2549,"href":"https:\/\/ktcsormland.se\/index.php?rest_route=\/wp\/v2\/pages\/42\/revisions\/2549"}],"wp:attachment":[{"href":"https:\/\/ktcsormland.se\/index.php?rest_route=%2Fwp%2Fv2%2Fmedia&parent=42"}],"curies":[{"name":"wp","href":"https:\/\/api.w.org\/{rel}","templated":true}]}}