{"id":38,"date":"2011-09-29T11:01:40","date_gmt":"2011-09-29T09:01:40","guid":{"rendered":"http:\/\/ktcsormland.se\/?page_id=38"},"modified":"2023-01-22T17:03:40","modified_gmt":"2023-01-22T16:03:40","slug":"kontakta-oss","status":"publish","type":"page","link":"https:\/\/ktcsormland.se\/?page_id=38","title":{"rendered":"Kontakt"},"content":{"rendered":"<h1><a href=\"https:\/\/ktcsormland.se\/?attachment_id=2271\" rel=\"attachment wp-att-2271\"><img loading=\"lazy\" decoding=\"async\" class=\"alignleft  wp-image-2271\" src=\"http:\/\/media.ktcsormland.se\/2019\/02\/unnamed-file-1-300x300.jpg\" alt=\"\" width=\"109\" height=\"109\" srcset=\"http:\/\/media.ktcsormland.se\/2019\/02\/unnamed-file-1-300x300.jpg 300w, http:\/\/media.ktcsormland.se\/2019\/02\/unnamed-file-1-150x150.jpg 150w, http:\/\/media.ktcsormland.se\/2019\/02\/unnamed-file-1.jpg 750w\" sizes=\"auto, (max-width: 109px) 100vw, 109px\" \/><\/a><\/h1>\n<table>\n<tbody>\n<tr>\n<td>\n<div><span style=\"color: #000000;\">Kontakta g\u00e4rna Kris &amp; TraumaCentrum S\u00f6rmland f\u00f6r fr\u00e5gor kring konsultation, handledning, fortbildning, psykoterapi\/behandling samt ramavtal.<\/span><span style=\"color: #000000;\">Vi pratar \u00e4ven finska.<\/span><\/div>\n<div id=\"ctl00_contentPlaceHolder__B1_readPanel_\">\n<p><span style=\"color: #000000;\">Postadress: Kris &amp; TraumaCentrum S\u00f6rmland , S:t Annegatan 2 B\u00a0 611 34 Nyk\u00f6ping.<\/span><\/p>\n<p><span style=\"color: #000000;\">Mobil: <strong>076-405 92 09<\/strong> alt.<strong>\u00a0 \u00a0<\/strong><\/span><\/p>\n<p><span style=\"color: #000000;\">Mail<\/span>:<span style=\"color: #0000ff;\"> <a title=\"info@ktcsormland.se\" href=\"mailto:info@ktcsormland.se\">info@ktcsormland.se<\/a><\/span><\/p>\n<\/div>\n<\/td>\n<\/tr>\n<\/tbody>\n<\/table>\n","protected":false},"excerpt":{"rendered":"<p>Kontakta g\u00e4rna Kris &amp; TraumaCentrum S\u00f6rmland f\u00f6r fr\u00e5gor kring konsultation, handledning, fortbildning, psykoterapi\/behandling samt ramavtal.Vi pratar \u00e4ven finska. Postadress: Kris &amp; TraumaCentrum S\u00f6rmland , S:t Annegatan 2 B\u00a0 611 34 Nyk\u00f6ping. Mobil: 076-405 92 09 alt.\u00a0 \u00a0 Mail: info@ktcsormland.se<\/p>\n","protected":false},"author":1,"featured_media":0,"parent":0,"menu_order":0,"comment_status":"closed","ping_status":"closed","template":"","meta":{"footnotes":""},"class_list":["post-38","page","type-page","status-publish","hentry"],"_links":{"self":[{"href":"https:\/\/ktcsormland.se\/index.php?rest_route=\/wp\/v2\/pages\/38","targetHints":{"allow":["GET"]}}],"collection":[{"href":"https:\/\/ktcsormland.se\/index.php?rest_route=\/wp\/v2\/pages"}],"about":[{"href":"https:\/\/ktcsormland.se\/index.php?rest_route=\/wp\/v2\/types\/page"}],"author":[{"embeddable":true,"href":"https:\/\/ktcsormland.se\/index.php?rest_route=\/wp\/v2\/users\/1"}],"replies":[{"embeddable":true,"href":"https:\/\/ktcsormland.se\/index.php?rest_route=%2Fwp%2Fv2%2Fcomments&post=38"}],"version-history":[{"count":68,"href":"https:\/\/ktcsormland.se\/index.php?rest_route=\/wp\/v2\/pages\/38\/revisions"}],"predecessor-version":[{"id":2554,"href":"https:\/\/ktcsormland.se\/index.php?rest_route=\/wp\/v2\/pages\/38\/revisions\/2554"}],"wp:attachment":[{"href":"https:\/\/ktcsormland.se\/index.php?rest_route=%2Fwp%2Fv2%2Fmedia&parent=38"}],"curies":[{"name":"wp","href":"https:\/\/api.w.org\/{rel}","templated":true}]}}