{"id":221,"date":"2011-10-13T01:22:08","date_gmt":"2011-10-12T23:22:08","guid":{"rendered":"http:\/\/ktcsormland.se\/?page_id=221"},"modified":"2020-10-31T17:49:44","modified_gmt":"2020-10-31T16:49:44","slug":"ptsd-posttraumatiskt-stressyndrom","status":"publish","type":"page","link":"https:\/\/ktcsormland.se\/?page_id=221","title":{"rendered":"PTSD (Posttraumatiskt stressyndrom)"},"content":{"rendered":"<p><a href=\"http:\/\/media.ktcsormland.se\/2011\/10\/neuroplasticity_image.jpg\"><img loading=\"lazy\" decoding=\"async\" class=\"alignright size-thumbnail wp-image-715\" title=\"neuroplasticity_image\" src=\"http:\/\/media.ktcsormland.se\/2011\/10\/neuroplasticity_image-150x150.jpg\" alt=\"\" width=\"150\" height=\"150\" \/><\/a><span style=\"color: #000000;\">Livet inneb\u00e4r sv\u00e5ra upplevelser f\u00f6r oss alla. I de flesta fall kan vi \u00e5terh\u00e4mta oss och leva med minnet av det som varit sm\u00e4rtsamt. Vissa h\u00e4ndelser \u00e4r dock s\u00e5 traumatiska att det kan bli sv\u00e5rt att g\u00e5 vidare och fungera normalt. Den som lider av posttraumatiskt stressyndrom (PTSD) har varit med om en s\u00e5dan traumatisk h\u00e4ndelse. Det kan till exempel ha inneburit en fara f\u00f6r individens liv, eller en grav kr\u00e4nkning av den fysiska integriteten. H\u00e4ndelsen har orsakat starka k\u00e4nslor av fruktan, hj\u00e4lpl\u00f6shet och\/eller skr\u00e4ck.<\/span><\/p>\n<p><span style=\"color: #000000;\">Den som upplevt en traumatisk h\u00e4ndelse kan drabbas av k\u00e4nslom\u00e4ssig stumhet och f\u00f6rlust av intresse. Man kan uppleva sig avsk\u00e4rmad fr\u00e5n andra. Ett av de centrala symtomen vid PTSD \u00e4r att traumat \u00e5terupplevs om och om igen. Det kan handla om till exempel snabba &#8221;Flashbacks&#8221;, eller sv\u00e5ra mardr\u00f6mmar. \u00c4ven s\u00e5dant som p\u00e5minner om h\u00e4ndelsen kan framkalla kraftigt obehag och\/eller fysiska reaktioner, vilket i sin tur ofta leder till att man b\u00f6rjar undvika olika situationer. Vid PTSD \u00e4r det dessutom vanligt med koncentrationssv\u00e5righeter, s\u00f6mnsv\u00e5righeter och en k\u00e4nsla av \u00f6kad vaksamhet.<\/span><\/p>\n<p align=\"left\"><span style=\"color: #000000;\">PTS\u00a0\u00a0\u00a0\u00a0\u00a0\u00a0\u00a0\u00a0\u00a0\u00a0\u00a0\u00a0\u00a0\u00a0\u00a0\u00a0\u00a0\u00a0\u00a0\u00a0\u00a0\u00a0\u00a0\u00a0\u00a0\u00a0\u00a0\u00a0\u00a0\u00a0\u00a0\u00a0\u00a0\u00a0\u00a0\u00a0\u00a0\u00a0\u00a0\u00a0\u00a0\u00a0\u00a0\u00a0\u00a0\u00a0\u00a0\u00a0\u00a0\u00a0\u00a0\u00a0\u00a0\u00a0\u00a0\u00a0\u00a0\u00a0\u00a0\u00a0\u00a0\u00a0\u00a0\u00a0\u00a0\u00a0\u00a0\u00a0\u00a0\u00a0\u00a0\u00a0\u00a0\u00a0\u00a0\u00a0\u00a0\u00a0\u00a0\u00a0\u00a0\u00a0\u00a0\u00a0\u00a0\u00a0\u00a0\u00a0\u00a0\u00a0\u00a0\u00a0\u00a0\u00a0\u00a0\u00a0\u00a0\u00a0\u00a0\u00a0\u00a0\u00a0\u00a0\u00a0\u00a0\u00a0\u00a0\u00a0\u00a0\u00a0\u00a0\u00a0\u00a0\u00a0\u00a0\u00a0\u00a0\u00a0\u00a0\u00a0\u00a0\u00a0\u00a0\u00a0\u00a0\u00a0\u00a0\u00a0\u00a0\u00a0\u00a0\u00a0\u00a0\u00a0\u00a0\u00a0\u00a0\u00a0\u00a0\u00a0\u00a0\u00a0\u00a0\u00a0\u00a0\u00a0\u00a0\u00a0\u00a0\u00a0\u00a0 Vad \u00e4r skillnaden mellan begreppen? PTS \u00e4r en normal reaktion efter en traumatisk h\u00e4ndelse. Ex. man har varit med om en bilolycka, alt. sett en bilolycka precis nyss. Kroppen och psyket reagerar i h\u00e4ndelsen med adrenalinp\u00e5slag, blodet styrs till musklerna, \u00f6kad hj\u00e4rtfrekvens etc. Det sympatiska nervsystemet aktiveras. Maximal energi alstras. N\u00e4r h\u00e4ndelsen \u00e4r passerad aktiveras det parasympatiska nervsystemet f\u00f6r att neutralisera p\u00e5slaget. Man upplever t.ex. skakningar i kroppen. \u00d6verskott av energi frig\u00f6rs p\u00e5 detta s\u00e4tt. \u201dJag var alldeles skakig efter\u00e5t.\u201d<\/span><\/p>\n<p align=\"left\"><span style=\"color: #000000;\">PTSD\u00a0\u00a0\u00a0\u00a0\u00a0\u00a0\u00a0\u00a0<\/span>\u00a0\u00a0\u00a0\u00a0\u00a0\u00a0\u00a0\u00a0\u00a0\u00a0\u00a0\u00a0\u00a0\u00a0\u00a0\u00a0\u00a0\u00a0\u00a0\u00a0\u00a0\u00a0\u00a0\u00a0\u00a0\u00a0\u00a0\u00a0\u00a0\u00a0\u00a0\u00a0\u00a0\u00a0\u00a0\u00a0\u00a0\u00a0\u00a0\u00a0\u00a0\u00a0\u00a0\u00a0\u00a0\u00a0\u00a0\u00a0\u00a0\u00a0\u00a0\u00a0\u00a0\u00a0\u00a0\u00a0\u00a0\u00a0\u00a0\u00a0\u00a0\u00a0\u00a0\u00a0\u00a0\u00a0\u00a0\u00a0\u00a0\u00a0\u00a0\u00a0\u00a0\u00a0\u00a0\u00a0\u00a0\u00a0\u00a0\u00a0\u00a0\u00a0\u00a0\u00a0\u00a0\u00a0\u00a0\u00a0\u00a0\u00a0\u00a0\u00a0\u00a0\u00a0\u00a0\u00a0\u00a0\u00a0\u00a0\u00a0\u00a0\u00a0\u00a0\u00a0\u00a0\u00a0\u00a0\u00a0\u00a0\u00a0\u00a0\u00a0\u00a0\u00a0\u00a0\u00a0\u00a0\u00a0\u00a0\u00a0\u00a0\u00a0\u00a0\u00a0\u00a0\u00a0\u00a0\u00a0\u00a0\u00a0\u00a0\u00a0\u00a0\u00a0\u00a0\u00a0\u00a0\u00a0\u00a0\u00a0 <strong><span style=\"color: #ff0000;\">*\u00a0<\/span><\/strong><span style=\"color: #000000;\">Vad inneb\u00e4r egentligen bokstaven D? Att diagnostisera \u201ddisorder\u201d kr\u00e4ver att den posttraumatiska stressreaktionen inte g\u00e5r \u00f6ver p\u00e5 3-6 m\u00e5nader. Innan dess kan egentligen inte PTSD fastst\u00e4llas. Begreppet anv\u00e4nds ofta slarvigt, d\u00e4r PTS och PTSD blandas ihop.\u00a0\u00a0<\/span><\/p>\n<p align=\"left\"><span style=\"color: #000000;\">\u00a0\u00a0\u00a0\u00a0\u00a0\u00a0\u00a0\u00a0\u00a0\u00a0 \u00a0\u00a0\u00a0\u00a0\u00a0\u00a0\u00a0\u00a0\u00a0\u00a0\u00a0\u00a0\u00a0\u00a0\u00a0\u00a0<\/span>\u00a0\u00a0\u00a0\u00a0\u00a0\u00a0\u00a0\u00a0\u00a0\u00a0\u00a0\u00a0\u00a0\u00a0\u00a0\u00a0\u00a0\u00a0\u00a0\u00a0\u00a0\u00a0\u00a0\u00a0\u00a0\u00a0\u00a0\u00a0\u00a0\u00a0\u00a0\u00a0\u00a0\u00a0\u00a0\u00a0\u00a0\u00a0\u00a0\u00a0\u00a0\u00a0\u00a0\u00a0\u00a0\u00a0\u00a0\u00a0\u00a0\u00a0\u00a0\u00a0\u00a0\u00a0\u00a0\u00a0\u00a0\u00a0\u00a0\u00a0\u00a0\u00a0\u00a0\u00a0\u00a0\u00a0\u00a0\u00a0\u00a0\u00a0\u00a0\u00a0\u00a0\u00a0\u00a0\u00a0\u00a0\u00a0\u00a0\u00a0\u00a0\u00a0\u00a0\u00a0\u00a0\u00a0\u00a0\u00a0\u00a0\u00a0\u00a0\u00a0\u00a0\u00a0\u00a0\u00a0\u00a0\u00a0\u00a0\u00a0\u00a0\u00a0\u00a0\u00a0\u00a0\u00a0\u00a0\u00a0\u00a0\u00a0\u00a0\u00a0\u00a0\u00a0\u00a0\u00a0\u00a0\u00a0\u00a0\u00a0 <strong><span style=\"color: #ff0000;\">*\u00a0<\/span><\/strong><span style=\"color: #000000;\">Symtom, PTSD: Repetitiva mardr\u00f6mmar, man dr\u00f6mmer upprepat om den traumatiska h\u00e4ndelsen.<\/span><\/p>\n<p align=\"left\"><strong><span style=\"color: #ff0000;\">*\u00a0<\/span><\/strong><span style=\"color: #000000;\">Flashbacks, snabba \u00e5terblickar, \u00e5terupplevelser, \u00e5terkommer t\u00e4tt b\u00e5de i vaket tillst\u00e5nd och under s\u00f6mn.<\/span><\/p>\n<p align=\"left\"><strong><span style=\"color: #ff0000;\">*<\/span><\/strong> <span style=\"color: #000000;\">Depression.<\/span><\/p>\n<p align=\"left\"><strong><span style=\"color: #ff0000;\">*<\/span><\/strong> <span style=\"color: #000000;\">Skuldk\u00e4nslor, \u201dVarf\u00f6r \u00f6verlevde just jag?\u201d\u00a0\u201dVarf\u00f6r gjorde jag inte mer?\u201d \u201dJag bara stod d\u00e4r\u201d.<\/span><\/p>\n<p align=\"left\"><strong><span style=\"color: #ff0000;\">*<\/span><\/strong> <span style=\"color: #000000;\">Hj\u00e4rnan f\u00f6rs\u00f6ker bearbeta h\u00e4ndelsen men lyckas inte. Individen \u00e4r \u201dkvar\u201d i h\u00e4ndelsen. Symptomen existerar dels i hj\u00e4rnan men kan \u00e4ven lagras i kroppen. Till exempel diffusa\u00a0sm\u00e4rtor, kroppsdelar domnar.<\/span><\/p>\n<p align=\"left\"><strong><span style=\"color: #ff0000;\">*<\/span><\/strong> <span style=\"color: #000000;\">Psykiskt, allvarliga symptom,\u00a0dissociation.<\/span><\/p>\n<p align=\"left\"><strong><span style=\"color: #ff0000;\">*<\/span><\/strong> <span style=\"color: #000000;\"><strong>Flight, Fight, Freeze<\/strong>. \u201dB\u00e4ttre fly \u00e4n illa f\u00e4kta\u201d <strong>Flight<\/strong>.\u00a0Individen f\u00f6rs\u00f6ker i f\u00f6rsta hand fly d\u00e5 detta\u00a0\u00f6kar chansen att \u00f6verleva mest. D\u00e4refter <strong>Fight<\/strong>, om individen inte kan fly tvingas den att sl\u00e5ss.\u00a0<strong>Freeze<\/strong>, individen konstaterar instinktivt att den varken kan fly eller sl\u00e5ss. Individen &#8221;fryser till is. Om situationen blir tillr\u00e4ckligt farlig eller hotfull, d\u00e4r individen instinktivt bed\u00f6mer att chansen till \u00f6verlevnad \u00e4r minimal dissocierar individen, \u201dsinnet flyr bort, f\u00f6rbereder sig f\u00f6r att d\u00f6\u201d. I samband med detta aktiveras ett fj\u00e4rde alternativ, &#8221;<strong>Submission<\/strong>&#8221;. Detta inneb\u00e4r att individen uppvisar total underkastelse.\u00a0\u00a0<\/span><\/p>\n<p align=\"left\"><strong><span style=\"color: #ff0000;\">*<\/span><\/strong> <span style=\"color: #000000;\">Samma mekanismer\u00a0som hos djur.\u00a0Vid Freeze \u00f6kar risken f\u00f6r att PTSD ska utvecklas. B\u00e5de det sympatiska och det\u00a0parasympatiska nervsystemet \u00e4r aktiverat.\u00a0\u201dGas och broms samtidigt\u201d.<\/span><\/p>\n<p align=\"left\"><span style=\"color: #000000;\">P\u00e5 senare tid har ett nytt begrepp tillkommit inom PTSD, uppv\u00e4xttrauma vilket idag \u00e4ven inkluderas i DSM5. Detta har sitt ursprung i anknytningsteorin och dess definition av desorganiserad anknytning.\u00a0 Individen kan ha upplevt trauman i sin barndom och under sin uppv\u00e4xt. Som exempel kan n\u00e4mnas sexuella \u00f6vergrepp, upplevd barnmisshandel, kr\u00e4nkningar i tidig barndom eller liknande.<\/span><\/p>\n<p align=\"left\">\n","protected":false},"excerpt":{"rendered":"<p>Livet inneb\u00e4r sv\u00e5ra upplevelser f\u00f6r oss alla. I de flesta fall kan vi \u00e5terh\u00e4mta oss och leva med minnet av det som varit sm\u00e4rtsamt. Vissa h\u00e4ndelser \u00e4r dock s\u00e5 traumatiska att det kan bli sv\u00e5rt att g\u00e5 vidare och fungera &hellip; <a href=\"https:\/\/ktcsormland.se\/?page_id=221\">Forts\u00e4tt l\u00e4sa <span class=\"meta-nav\">&rarr;<\/span><\/a><\/p>\n","protected":false},"author":1,"featured_media":0,"parent":0,"menu_order":0,"comment_status":"closed","ping_status":"closed","template":"","meta":{"footnotes":""},"class_list":["post-221","page","type-page","status-publish","hentry"],"_links":{"self":[{"href":"https:\/\/ktcsormland.se\/index.php?rest_route=\/wp\/v2\/pages\/221","targetHints":{"allow":["GET"]}}],"collection":[{"href":"https:\/\/ktcsormland.se\/index.php?rest_route=\/wp\/v2\/pages"}],"about":[{"href":"https:\/\/ktcsormland.se\/index.php?rest_route=\/wp\/v2\/types\/page"}],"author":[{"embeddable":true,"href":"https:\/\/ktcsormland.se\/index.php?rest_route=\/wp\/v2\/users\/1"}],"replies":[{"embeddable":true,"href":"https:\/\/ktcsormland.se\/index.php?rest_route=%2Fwp%2Fv2%2Fcomments&post=221"}],"version-history":[{"count":48,"href":"https:\/\/ktcsormland.se\/index.php?rest_route=\/wp\/v2\/pages\/221\/revisions"}],"predecessor-version":[{"id":2492,"href":"https:\/\/ktcsormland.se\/index.php?rest_route=\/wp\/v2\/pages\/221\/revisions\/2492"}],"wp:attachment":[{"href":"https:\/\/ktcsormland.se\/index.php?rest_route=%2Fwp%2Fv2%2Fmedia&parent=221"}],"curies":[{"name":"wp","href":"https:\/\/api.w.org\/{rel}","templated":true}]}}