{"id":2116,"date":"2018-12-23T15:23:53","date_gmt":"2018-12-23T14:23:53","guid":{"rendered":"http:\/\/ktcsormland.se\/?page_id=2116"},"modified":"2020-03-09T17:48:11","modified_gmt":"2020-03-09T16:48:11","slug":"nyheter-2019","status":"publish","type":"page","link":"https:\/\/ktcsormland.se\/?page_id=2116","title":{"rendered":"Nyheter 2019"},"content":{"rendered":"\n<h2 class=\"wp-block-heading\"><\/h2>\n\n\n\n<figure class=\"wp-block-image is-resized\"><img loading=\"lazy\" decoding=\"async\" src=\"http:\/\/media.ktcsormland.se\/2019\/10\/FOLDER-1.png\" alt=\"\" class=\"wp-image-2411\" width=\"494\" height=\"659\" srcset=\"http:\/\/media.ktcsormland.se\/2019\/10\/FOLDER-1.png 720w, http:\/\/media.ktcsormland.se\/2019\/10\/FOLDER-1-225x300.png 225w\" sizes=\"auto, (max-width: 494px) 100vw, 494px\" \/><\/figure>\n\n\n\n<p class=\"has-text-color has-very-dark-gray-color\"><strong>19-01-17 &#8211; 19-01-19<\/strong><\/p>\n\n\n\n<figure class=\"wp-block-image is-resized\"><img loading=\"lazy\" decoding=\"async\" src=\"http:\/\/media.ktcsormland.se\/2019\/01\/IMG_3977-1.jpg\" alt=\"\" class=\"wp-image-2188\" width=\"198\" height=\"257\" srcset=\"http:\/\/media.ktcsormland.se\/2019\/01\/IMG_3977-1.jpg 640w, http:\/\/media.ktcsormland.se\/2019\/01\/IMG_3977-1-231x300.jpg 231w\" sizes=\"auto, (max-width: 198px) 100vw, 198px\" \/><\/figure>\n\n\n\n<p><strong>LONDON \u2013 Training In Ego State Therapy With Robin Shapiro&nbsp;<\/strong> <\/p>\n\n\n\n<p>\u00c4ntligen dags. En workshop jag l\u00e4nge sett fram emot. Med h\u00f6ga f\u00f6rv\u00e4ntningar landade jag p\u00e5 Stanstead i London inf\u00f6r n\u00e5gra dagars intensivt l\u00e4rande inom v\u00e5rt yrkesomr\u00e5de. Alla deltagare i workshopen arbetade med traumapsykologi och hade l\u00e5ng erfarenhet. &nbsp;M\u00e5nga arbetade med EMDR, en idag vanligt f\u00f6rekommande arbetsmetod f\u00f6r bearbetning av trauma. Vi l\u00e4rde snabbt k\u00e4nna varandra och kunde under dessa intensiva dagar utbyta mycket erfarenheter. Workshopen leddes av en internationellt renommerad, otroligt duktig l\u00e4rare och f\u00f6rel\u00e4sare fr\u00e5n USA, Robin Shapiro. F\u00f6rel\u00e4sningarna varvades med praktiska \u00f6vningar d\u00e4r vi l\u00e4rde oss f\u00f6rst\u00e5 praktik och teori. Kv\u00e4llarna fylldes med diskussioner tillsammans med tv\u00e5 svenska kollegor. Vid hemkomst tillbaka fr\u00e5n ett London i v\u00e5rv\u00e4rme var huvudet \u00f6verfullt av ny energi, inspiration och tr\u00f6tthet.<\/p>\n\n\n\n<p>  <br><strong>19-01-10&nbsp;<\/strong>Vi v\u00e4lkomnar v\u00e5r nya medarbetare i Kris &amp; TraumaCentrum S\u00f6rmland. <a href=\"https:\/\/ktcsormland.se\/?page_id=15\">Malin Linder KBT &#8211; Terapeut. <\/a><\/p>\n","protected":false},"excerpt":{"rendered":"<p>19-01-17 &#8211; 19-01-19 LONDON \u2013 Training In Ego State Therapy With Robin Shapiro&nbsp; \u00c4ntligen dags. En workshop jag l\u00e4nge sett fram emot. Med h\u00f6ga f\u00f6rv\u00e4ntningar landade jag p\u00e5 Stanstead i London inf\u00f6r n\u00e5gra dagars intensivt l\u00e4rande inom v\u00e5rt yrkesomr\u00e5de. Alla &hellip; <a href=\"https:\/\/ktcsormland.se\/?page_id=2116\">Forts\u00e4tt l\u00e4sa <span class=\"meta-nav\">&rarr;<\/span><\/a><\/p>\n","protected":false},"author":1,"featured_media":0,"parent":0,"menu_order":0,"comment_status":"closed","ping_status":"closed","template":"","meta":{"footnotes":""},"class_list":["post-2116","page","type-page","status-publish","hentry"],"_links":{"self":[{"href":"https:\/\/ktcsormland.se\/index.php?rest_route=\/wp\/v2\/pages\/2116","targetHints":{"allow":["GET"]}}],"collection":[{"href":"https:\/\/ktcsormland.se\/index.php?rest_route=\/wp\/v2\/pages"}],"about":[{"href":"https:\/\/ktcsormland.se\/index.php?rest_route=\/wp\/v2\/types\/page"}],"author":[{"embeddable":true,"href":"https:\/\/ktcsormland.se\/index.php?rest_route=\/wp\/v2\/users\/1"}],"replies":[{"embeddable":true,"href":"https:\/\/ktcsormland.se\/index.php?rest_route=%2Fwp%2Fv2%2Fcomments&post=2116"}],"version-history":[{"count":17,"href":"https:\/\/ktcsormland.se\/index.php?rest_route=\/wp\/v2\/pages\/2116\/revisions"}],"predecessor-version":[{"id":2422,"href":"https:\/\/ktcsormland.se\/index.php?rest_route=\/wp\/v2\/pages\/2116\/revisions\/2422"}],"wp:attachment":[{"href":"https:\/\/ktcsormland.se\/index.php?rest_route=%2Fwp%2Fv2%2Fmedia&parent=2116"}],"curies":[{"name":"wp","href":"https:\/\/api.w.org\/{rel}","templated":true}]}}