{"id":206,"date":"2011-10-13T01:13:21","date_gmt":"2011-10-12T23:13:21","guid":{"rendered":"http:\/\/ktcsormland.se\/?page_id=206"},"modified":"2015-01-29T16:59:04","modified_gmt":"2015-01-29T15:59:04","slug":"avlastningssamtal-defusing","status":"publish","type":"page","link":"https:\/\/ktcsormland.se\/?page_id=206","title":{"rendered":"Avlastningssamtal (defusing)"},"content":{"rendered":"<p><a href=\"http:\/\/media.ktcsormland.se\/2011\/10\/hands.jpg\"><img loading=\"lazy\" decoding=\"async\" class=\"size-medium wp-image-629 alignright\" title=\"reaching out- motion\" src=\"http:\/\/media.ktcsormland.se\/2011\/10\/hands-300x199.jpg\" alt=\"\" width=\"229\" height=\"146\" \/><\/a><span style=\"color: #000000;\">Avlastningssamtal anv\u00e4nds allt mer vid krishantering inom personalgrupper som upplevt psykiskt p\u00e5frestande situationer. Syftet med avlastningssamtal inneb\u00e4r ett tidigt omh\u00e4ndertagande av personer, individ eller grupp,\u00a0som r\u00e5kat ut f\u00f6r en sm\u00e4rtsam upplevelse. Samtalet ger m\u00f6jlighet till avlastning genom att samtalsdeltagarna delger sin bild och sin upplevelse av vad som intr\u00e4ffat. Genom samtalet f\u00f6rebyggs och mildras negativa reaktioner. Alla inblandade f\u00e5r tillg\u00e5ng till samma information samtidigt. Under ett avlastningssamtal g\u00f6rs \u00e4ven en bed\u00f6mning om det f\u00f6religger behov av ytterligare insatser, exempelvis en psykologisk genomg\u00e5ng (&#8221;debriefing&#8221;). Avlastningssamtal l\u00e4gger sin tyngdpunkt vid genomg\u00e5ng av fakta och en spontan k\u00e4nsloutlevelse.<\/span><\/p>\n","protected":false},"excerpt":{"rendered":"<p>Avlastningssamtal anv\u00e4nds allt mer vid krishantering inom personalgrupper som upplevt psykiskt p\u00e5frestande situationer. Syftet med avlastningssamtal inneb\u00e4r ett tidigt omh\u00e4ndertagande av personer, individ eller grupp,\u00a0som r\u00e5kat ut f\u00f6r en sm\u00e4rtsam upplevelse. Samtalet ger m\u00f6jlighet till avlastning genom att samtalsdeltagarna delger &hellip; <a href=\"https:\/\/ktcsormland.se\/?page_id=206\">Forts\u00e4tt l\u00e4sa <span class=\"meta-nav\">&rarr;<\/span><\/a><\/p>\n","protected":false},"author":1,"featured_media":0,"parent":0,"menu_order":0,"comment_status":"closed","ping_status":"closed","template":"","meta":{"footnotes":""},"class_list":["post-206","page","type-page","status-publish","hentry"],"_links":{"self":[{"href":"https:\/\/ktcsormland.se\/index.php?rest_route=\/wp\/v2\/pages\/206","targetHints":{"allow":["GET"]}}],"collection":[{"href":"https:\/\/ktcsormland.se\/index.php?rest_route=\/wp\/v2\/pages"}],"about":[{"href":"https:\/\/ktcsormland.se\/index.php?rest_route=\/wp\/v2\/types\/page"}],"author":[{"embeddable":true,"href":"https:\/\/ktcsormland.se\/index.php?rest_route=\/wp\/v2\/users\/1"}],"replies":[{"embeddable":true,"href":"https:\/\/ktcsormland.se\/index.php?rest_route=%2Fwp%2Fv2%2Fcomments&post=206"}],"version-history":[{"count":16,"href":"https:\/\/ktcsormland.se\/index.php?rest_route=\/wp\/v2\/pages\/206\/revisions"}],"predecessor-version":[{"id":1451,"href":"https:\/\/ktcsormland.se\/index.php?rest_route=\/wp\/v2\/pages\/206\/revisions\/1451"}],"wp:attachment":[{"href":"https:\/\/ktcsormland.se\/index.php?rest_route=%2Fwp%2Fv2%2Fmedia&parent=206"}],"curies":[{"name":"wp","href":"https:\/\/api.w.org\/{rel}","templated":true}]}}