{"id":1996,"date":"2018-10-23T13:14:52","date_gmt":"2018-10-23T11:14:52","guid":{"rendered":"http:\/\/ktcsormland.se\/?page_id=1996"},"modified":"2018-10-23T20:24:58","modified_gmt":"2018-10-23T18:24:58","slug":"nyheter-2015","status":"publish","type":"page","link":"https:\/\/ktcsormland.se\/?page_id=1996","title":{"rendered":"Nyheter 2015"},"content":{"rendered":"<p><strong><span style=\"color: #ff0000;\">15-09-23\u00a0<\/span><\/strong><span style=\"color: #000000;\">\u00a0The Facial Action Coding System (FACS).\u00a0Denna vecka deltar en av Kris\u00a0&amp; TraumaCentrums medarbetare p\u00e5 en workshop i \u00e4mnet FACS med<\/span>\u00a0<a href=\"http:\/\/erikarosenberg.com\/\">Erika Rosenberg Ph.D.<\/a>\u00a0p\u00e5\u00a0<a href=\"http:\/\/www.berkeley.edu\/\">Berkeley University\u00a0<\/a>.<\/p>\n<p><a href=\"https:\/\/ktcsormland.se\/?attachment_id=1553\" rel=\"attachment wp-att-1553\"><img loading=\"lazy\" decoding=\"async\" class=\"alignleft  wp-image-1553\" src=\"http:\/\/media.ktcsormland.se\/2015\/10\/IMG_1468-300x225.jpg\" alt=\"\" width=\"276\" height=\"207\" srcset=\"http:\/\/media.ktcsormland.se\/2015\/10\/IMG_1468-300x225.jpg 300w, http:\/\/media.ktcsormland.se\/2015\/10\/IMG_1468.jpg 640w\" sizes=\"auto, (max-width: 276px) 100vw, 276px\" \/><\/a><\/p>\n<p>&nbsp;<\/p>\n<p>&nbsp;<\/p>\n<p>&nbsp;<\/p>\n<p>&nbsp;<\/p>\n<p>&nbsp;<\/p>\n<p><span style=\"color: #000000;\">FACS \u00e4r Metoden \u00e4r utvecklad av<\/span>\u00a0<a href=\"http:\/\/www.paulekman.com\/\">Paul Ekman<\/a>\u00a0<span style=\"color: #000000;\">och Wallace Friesen. Det \u00e4r ett<\/span> <span style=\"color: #000000;\">vetenskapligt underbyggt detaljerat system som f\u00f6rklarar och kategoriserar alla ansiktets m\u00f6jliga uttryck och emotioner. Metoden ligger till grund f\u00f6r TV-serien Lie to Me.\u00a0Tillsammans med<\/span><br \/>\n<span style=\"color: #000000;\">Paul Ekman, har Erika skrivit den uppm\u00e4rksammade och sp\u00e4nnande boken \u201cWhat the<\/span><br \/>\n<span style=\"color: #000000;\">Face Reveals\u201d (ISBN10: 0195104463 \/ ISBN13: 9780195104462).<\/span><\/p>\n<p><span style=\"color: #000000;\">Kursdeltagarna \u00e4r fr\u00e5n alla v\u00e4rldens h\u00f6rn och innefattar specialister inom datorvetenskap, forskare i beteende och emotioner, pedagoger, psykiatriker, psykologer och utvecklare av digitala bed\u00f6mningsinstrument av m\u00e4nniskor, myndighetspersoner och filmindustrin med flera.<\/span><\/p>\n<p><a href=\"https:\/\/ktcsormland.se\/?attachment_id=1552\" rel=\"attachment wp-att-1552\"><img loading=\"lazy\" decoding=\"async\" class=\"alignleft  wp-image-1552\" src=\"http:\/\/media.ktcsormland.se\/2015\/10\/IMG_1467-225x300.jpg\" alt=\"\" width=\"207\" height=\"276\" srcset=\"http:\/\/media.ktcsormland.se\/2015\/10\/IMG_1467-225x300.jpg 225w, http:\/\/media.ktcsormland.se\/2015\/10\/IMG_1467.jpg 480w\" sizes=\"auto, (max-width: 207px) 100vw, 207px\" \/><\/a><\/p>\n<p><span style=\"color: #000000;\">Manualen \u00e4r en komplex och mycket detaljerad systematisk genomg\u00e5ng av ansiktets alla s\u00e5 kallade Action Units (AU) och alla olika kombinationer av dessa. Systemet har, p\u00e5 ett imponerande s\u00e4tt hittat en helt\u00e4ckande beskrivning av ansiktets alla m\u00f6jliga miner och uttryck.<\/span><\/p>\n<p><span style=\"color: #000000;\">Alla kursdeltagare l\u00e4r sig att under kursen sj\u00e4lva utf\u00f6ra alla AU:s -m\u00e5nga \u00e4r l\u00e4tta men flera \u00e4r riktigt sv\u00e5ra att \u00e5stadkomma. Genom detta f\u00f6rdjupas kunskapen om m\u00e4nniskans ansiktsuttryck och vi f\u00e5r en inbyggd ny observationsf\u00f6rm\u00e5ga som tidigare legat dolt f\u00f6r oss.<\/span><\/p>\n<p><span style=\"color: #000000;\">Till\u00e4mpningsomr\u00e5dena \u00e4r m\u00e5nga. Filmindustrin, datorprogram, psykologi, underr\u00e4ttelsetj\u00e4nster, psykiatri, personlighetsbed\u00f6mningar med mera.<strong>\u00a0<\/strong><\/span><strong>\u00a0 \u00a0 \u00a0<\/strong><\/p>\n<p><strong><a href=\"https:\/\/ktcsormland.se\/?attachment_id=1551\" rel=\"attachment wp-att-1551\"><img loading=\"lazy\" decoding=\"async\" class=\"alignleft  wp-image-1551\" src=\"http:\/\/media.ktcsormland.se\/2015\/10\/IMG_1466-300x225.jpg\" alt=\"\" width=\"253\" height=\"190\" srcset=\"http:\/\/media.ktcsormland.se\/2015\/10\/IMG_1466-300x225.jpg 300w, http:\/\/media.ktcsormland.se\/2015\/10\/IMG_1466.jpg 640w\" sizes=\"auto, (max-width: 253px) 100vw, 253px\" \/><\/a> \u00a0 \u00a0 \u00a0 \u00a0 \u00a0 \u00a0 \u00a0 \u00a0 \u00a0 \u00a0 \u00a0 \u00a0 \u00a0 \u00a0 \u00a0 \u00a0 \u00a0 \u00a0 \u00a0 \u00a0 \u00a0 \u00a0 \u00a0 \u00a0 \u00a0 \u00a0 \u00a0 \u00a0 \u00a0 \u00a0 \u00a0 \u00a0 \u00a0 \u00a0 \u00a0 \u00a0 \u00a0 \u00a0 \u00a0\u00a0<\/strong><\/p>\n<p>&nbsp;<\/p>\n<p>&nbsp;<\/p>\n<p>&nbsp;<\/p>\n<p>&nbsp;<\/p>\n<p>&#8212;&#8212;&#8212;&#8212;&#8212;&#8212;&#8212;&#8212;&#8212;&#8212;&#8212;&#8212;&#8212;&#8212;&#8212;&#8212;&#8212;&#8212;&#8212;&#8212;&#8212;&#8212;&#8212;&#8212;&#8212;&#8212;&#8212;&#8212;&#8212;&#8212;&#8212;&#8212;<\/p>\n<p><strong><span style=\"color: #ff0000;\">15-01-29<\/span><\/strong>\u00a0<span style=\"color: #000000;\">Kris &amp; TraumaCentrum S\u00f6rmland finns nu \u00e4ven p\u00e5 Facebook.<\/span><\/p>\n<p>&#8212;&#8212;&#8212;&#8212;&#8212;&#8212;&#8212;&#8212;&#8212;&#8212;&#8212;&#8212;&#8212;&#8212;&#8212;&#8212;&#8212;&#8212;&#8212;&#8212;&#8212;&#8212;&#8212;&#8212;&#8212;&#8212;&#8212;&#8212;&#8212;&#8212;&#8212;&#8212;<\/p>\n<p><a href=\"https:\/\/www.facebook.com\/ktc.sormland\"><strong><span style=\"color: #ff0000;\">15-01-23<\/span><\/strong>\u00a0Kris &amp; TraumaCentrum S\u00f6rmland har ny mailadress:\u00a0<\/a><a href=\"mailto:info@ktcsormland.se\">info@ktcsormland.se<\/a><\/p>\n","protected":false},"excerpt":{"rendered":"<p>15-09-23\u00a0\u00a0The Facial Action Coding System (FACS).\u00a0Denna vecka deltar en av Kris\u00a0&amp; TraumaCentrums medarbetare p\u00e5 en workshop i \u00e4mnet FACS med\u00a0Erika Rosenberg Ph.D.\u00a0p\u00e5\u00a0Berkeley University\u00a0. &nbsp; &nbsp; &nbsp; &nbsp; &nbsp; FACS \u00e4r Metoden \u00e4r utvecklad av\u00a0Paul Ekman\u00a0och Wallace Friesen. Det \u00e4r ett &hellip; <a href=\"https:\/\/ktcsormland.se\/?page_id=1996\">Forts\u00e4tt l\u00e4sa <span class=\"meta-nav\">&rarr;<\/span><\/a><\/p>\n","protected":false},"author":1,"featured_media":0,"parent":0,"menu_order":0,"comment_status":"closed","ping_status":"closed","template":"","meta":{"footnotes":""},"class_list":["post-1996","page","type-page","status-publish","hentry"],"_links":{"self":[{"href":"https:\/\/ktcsormland.se\/index.php?rest_route=\/wp\/v2\/pages\/1996","targetHints":{"allow":["GET"]}}],"collection":[{"href":"https:\/\/ktcsormland.se\/index.php?rest_route=\/wp\/v2\/pages"}],"about":[{"href":"https:\/\/ktcsormland.se\/index.php?rest_route=\/wp\/v2\/types\/page"}],"author":[{"embeddable":true,"href":"https:\/\/ktcsormland.se\/index.php?rest_route=\/wp\/v2\/users\/1"}],"replies":[{"embeddable":true,"href":"https:\/\/ktcsormland.se\/index.php?rest_route=%2Fwp%2Fv2%2Fcomments&post=1996"}],"version-history":[{"count":5,"href":"https:\/\/ktcsormland.se\/index.php?rest_route=\/wp\/v2\/pages\/1996\/revisions"}],"predecessor-version":[{"id":2062,"href":"https:\/\/ktcsormland.se\/index.php?rest_route=\/wp\/v2\/pages\/1996\/revisions\/2062"}],"wp:attachment":[{"href":"https:\/\/ktcsormland.se\/index.php?rest_route=%2Fwp%2Fv2%2Fmedia&parent=1996"}],"curies":[{"name":"wp","href":"https:\/\/api.w.org\/{rel}","templated":true}]}}