{"id":1975,"date":"2018-10-23T12:55:38","date_gmt":"2018-10-23T10:55:38","guid":{"rendered":"http:\/\/ktcsormland.se\/?page_id=1975"},"modified":"2018-10-23T20:16:14","modified_gmt":"2018-10-23T18:16:14","slug":"nyheter-2017","status":"publish","type":"page","link":"https:\/\/ktcsormland.se\/?page_id=1975","title":{"rendered":"Nyheter 2017"},"content":{"rendered":"<p><strong><span style=\"color: #ff0000;\">17-05-11<\/span><\/strong>\u00a0<a href=\"https:\/\/ktcsormland.se\/?page_id=1837\">Reseskildring fr\u00e5n Irak 17-04-26\u00a0<\/a><span style=\"color: #000000;\">under meny; Erfarenheter.<\/span><\/p>\n<p>&#8212;&#8212;&#8212;&#8212;&#8212;&#8212;&#8212;&#8212;&#8212;&#8212;&#8212;&#8212;&#8212;&#8212;&#8212;&#8212;&#8212;&#8212;&#8212;&#8212;&#8212;&#8212;&#8212;&#8212;&#8212;&#8212;&#8212;&#8212;&#8212;&#8212;-<\/p>\n<p><span style=\"color: #000000;\"><strong><span style=\"color: #ff0000;\">17-04-28<\/span><\/strong>\u00a0Kris &amp; TraumaCentrum S\u00f6rmland \u00e4r p\u00e5 plats i IRAK.<\/span><\/p>\n<p><a href=\"https:\/\/ktcsormland.se\/?attachment_id=1833\" rel=\"attachment wp-att-1833\"><img loading=\"lazy\" decoding=\"async\" class=\"alignleft wp-image-1833\" src=\"http:\/\/media.ktcsormland.se\/2011\/09\/thumbnail_IMG_0805-300x225.jpg\" alt=\"\" width=\"209\" height=\"157\" srcset=\"http:\/\/media.ktcsormland.se\/2011\/09\/thumbnail_IMG_0805-300x225.jpg 300w, http:\/\/media.ktcsormland.se\/2011\/09\/thumbnail_IMG_0805-768x576.jpg 768w, http:\/\/media.ktcsormland.se\/2011\/09\/thumbnail_IMG_0805.jpg 960w\" sizes=\"auto, (max-width: 209px) 100vw, 209px\" \/><\/a><\/p>\n<p>&nbsp;<\/p>\n<p>&nbsp;<\/p>\n<p>&nbsp;<\/p>\n<p>&nbsp;<\/p>\n<p><span style=\"color: #000000;\">\u201dKris &amp; TraumaCentrum S\u00f6rmland bes\u00f6kte\u00a0kongressen DIHAD,\u00a0<\/span><a href=\"http:\/\/dihad.org\/\">http:\/\/dihad.org\/<\/a>\u00a0<span style=\"color: #000000;\"><em>Dubai International<\/em>\u00a0<em>Humanitarian<\/em><em>\u00a0<\/em><em>Aid<\/em><em>\u00a0<\/em><em>&amp; Development<\/em><em>\u00a0<\/em><em>Conference &amp; Exhibition<\/em>\u00a0i Dubai, 21-23 mars 2017.<\/span><\/p>\n<p><a href=\"https:\/\/ktcsormland.se\/?attachment_id=1765\" rel=\"attachment wp-att-1765\"><img loading=\"lazy\" decoding=\"async\" class=\"alignleft wp-image-1765\" src=\"http:\/\/media.ktcsormland.se\/2011\/09\/IMG_1316.JPG30-300x232.jpg\" alt=\"\" width=\"185\" height=\"143\" srcset=\"http:\/\/media.ktcsormland.se\/2011\/09\/IMG_1316.JPG30-300x232.jpg 300w, http:\/\/media.ktcsormland.se\/2011\/09\/IMG_1316.JPG30-768x594.jpg 768w, http:\/\/media.ktcsormland.se\/2011\/09\/IMG_1316.JPG30-1024x792.jpg 1024w, http:\/\/media.ktcsormland.se\/2011\/09\/IMG_1316.JPG30.jpg 1826w\" sizes=\"auto, (max-width: 185px) 100vw, 185px\" \/><\/a><\/p>\n<p><a href=\"https:\/\/ktcsormland.se\/?attachment_id=1763\" rel=\"attachment wp-att-1763\"><img loading=\"lazy\" decoding=\"async\" class=\"alignleft wp-image-1763\" src=\"http:\/\/media.ktcsormland.se\/2011\/09\/IMG_1332.JPG26-300x225.jpg\" alt=\"\" width=\"184\" height=\"138\" srcset=\"http:\/\/media.ktcsormland.se\/2011\/09\/IMG_1332.JPG26-300x225.jpg 300w, http:\/\/media.ktcsormland.se\/2011\/09\/IMG_1332.JPG26-768x576.jpg 768w, http:\/\/media.ktcsormland.se\/2011\/09\/IMG_1332.JPG26-1024x768.jpg 1024w, http:\/\/media.ktcsormland.se\/2011\/09\/IMG_1332.JPG26.jpg 2016w\" sizes=\"auto, (max-width: 184px) 100vw, 184px\" \/><\/a><\/p>\n<p><a href=\"https:\/\/ktcsormland.se\/?attachment_id=1793\" rel=\"attachment wp-att-1793\"><img loading=\"lazy\" decoding=\"async\" class=\"alignleft wp-image-1793\" src=\"http:\/\/media.ktcsormland.se\/2011\/09\/IMG_1376.JPG7_-300x222.jpg\" alt=\"\" width=\"184\" height=\"136\" srcset=\"http:\/\/media.ktcsormland.se\/2011\/09\/IMG_1376.JPG7_-300x222.jpg 300w, http:\/\/media.ktcsormland.se\/2011\/09\/IMG_1376.JPG7_-768x569.jpg 768w, http:\/\/media.ktcsormland.se\/2011\/09\/IMG_1376.JPG7_-1024x759.jpg 1024w, http:\/\/media.ktcsormland.se\/2011\/09\/IMG_1376.JPG7_.jpg 1986w\" sizes=\"auto, (max-width: 184px) 100vw, 184px\" \/><\/a><\/p>\n<p>&nbsp;<\/p>\n<p>&nbsp;<\/p>\n<p>&nbsp;<\/p>\n<p>&nbsp;<\/p>\n<p><span style=\"color: #000000;\">Vi anl\u00e4nde sent p\u00e5 kv\u00e4llen till ett varmt Dubai med en dag tillgodo innan kongressen, fr\u00e5n flygplatsen till hotellet och s\u00e4ngvila.<\/span><\/p>\n<p><a href=\"https:\/\/ktcsormland.se\/?attachment_id=1761\" rel=\"attachment wp-att-1761\"><img loading=\"lazy\" decoding=\"async\" class=\"alignleft size-medium wp-image-1761\" src=\"http:\/\/media.ktcsormland.se\/2011\/09\/IMG_1265.JPG31-300x225.jpg\" alt=\"\" width=\"300\" height=\"225\" srcset=\"http:\/\/media.ktcsormland.se\/2011\/09\/IMG_1265.JPG31-300x225.jpg 300w, http:\/\/media.ktcsormland.se\/2011\/09\/IMG_1265.JPG31-768x576.jpg 768w, http:\/\/media.ktcsormland.se\/2011\/09\/IMG_1265.JPG31-1024x768.jpg 1024w, http:\/\/media.ktcsormland.se\/2011\/09\/IMG_1265.JPG31.jpg 2016w\" sizes=\"auto, (max-width: 300px) 100vw, 300px\" \/><\/a><\/p>\n<p><a href=\"https:\/\/ktcsormland.se\/?attachment_id=1760\" rel=\"attachment wp-att-1760\"><img loading=\"lazy\" decoding=\"async\" class=\"alignleft size-medium wp-image-1760\" src=\"http:\/\/media.ktcsormland.se\/2011\/09\/IMG_1391.JPG5_-300x225.jpg\" alt=\"\" width=\"300\" height=\"225\" srcset=\"http:\/\/media.ktcsormland.se\/2011\/09\/IMG_1391.JPG5_-300x225.jpg 300w, http:\/\/media.ktcsormland.se\/2011\/09\/IMG_1391.JPG5_-768x576.jpg 768w, http:\/\/media.ktcsormland.se\/2011\/09\/IMG_1391.JPG5_-1024x768.jpg 1024w, http:\/\/media.ktcsormland.se\/2011\/09\/IMG_1391.JPG5_.jpg 2016w\" sizes=\"auto, (max-width: 300px) 100vw, 300px\" \/><\/a><\/p>\n<p>&nbsp;<\/p>\n<p><span style=\"color: #000000;\">Dubai f\u00f6rknippas ofta med en bild av kombinationerna v\u00e4rme, lyx samt en n\u00e4rvaro av rika oljeschejker. Vi blev inte helt f\u00f6rv\u00e5nade d\u00e5 vi faktiskt konstaterade att s\u00e5 var\u00a0 \u00a0 \u00a0 fallet i m\u00e5ngt och mycket. D\u00e5 p\u00e5pekar jag \u00e4nd\u00e5 att ingen av oss \u00e4r oberesta i v\u00e4rlden.<\/span><\/p>\n<p>&nbsp;<\/p>\n<p><span style=\"color: #000000;\">Vi utnyttjade v\u00e5r lediga dag till att ta till oss s\u00e5 mycket vi kunde av Dubai, dess historia och hur bilden av Dubai idag ser ut.<\/span><\/p>\n<p>&nbsp;<\/p>\n<p><span style=\"color: #000000;\">Dagen efter b\u00f6rjade kongressen. 3 dagar, riktade mot trauma i olika avseenden som fr\u00e4mst barn uts\u00e4tts f\u00f6r i konflikth\u00e4rdar. Kongressen utgjordes av tv\u00e5 \u201ddelar\u201d, den f\u00f6rsta delen utgjordes av ett stort antal montrar d\u00e4r olika aspekter av akut hj\u00e4lp uppvisades, mat, vatten, skydd, akutsjukv\u00e5rd i f\u00e4lt, material f\u00f6r detta med mera. Den andra delen utgjordes av en m\u00e4ngd f\u00f6rel\u00e4sningar.<\/span><\/p>\n<p><a href=\"https:\/\/ktcsormland.se\/?attachment_id=1777\" rel=\"attachment wp-att-1777\"><img loading=\"lazy\" decoding=\"async\" class=\"alignleft size-medium wp-image-1777\" src=\"http:\/\/media.ktcsormland.se\/2011\/09\/IMG_1357.JPG-2-1-300x231.jpg\" alt=\"\" width=\"300\" height=\"231\" \/><\/a><\/p>\n<p>&nbsp;<\/p>\n<p>&nbsp;<\/p>\n<p>&nbsp;<\/p>\n<p>&nbsp;<\/p>\n<p>&nbsp;<\/p>\n<p>&nbsp;<\/p>\n<p><a href=\"https:\/\/ktcsormland.se\/?attachment_id=1766\" rel=\"attachment wp-att-1766\"><img loading=\"lazy\" decoding=\"async\" class=\"alignleft size-medium wp-image-1766\" src=\"http:\/\/media.ktcsormland.se\/2011\/09\/IMG_1396.JPG3_-183x300.jpg\" alt=\"\" width=\"183\" height=\"300\" \/><\/a><\/p>\n<p><a href=\"https:\/\/ktcsormland.se\/?attachment_id=1768\" rel=\"attachment wp-att-1768\"><img loading=\"lazy\" decoding=\"async\" class=\"alignleft size-medium wp-image-1768\" src=\"http:\/\/media.ktcsormland.se\/2011\/09\/IMG_1395.JPG4_-204x300.jpg\" alt=\"\" width=\"204\" height=\"300\" \/><\/a><\/p>\n<p>&nbsp;<\/p>\n<p>&nbsp;<\/p>\n<p>&nbsp;<\/p>\n<p>&nbsp;<\/p>\n<p>&nbsp;<\/p>\n<p>&nbsp;<\/p>\n<p>&nbsp;<\/p>\n<p>&nbsp;<\/p>\n<p><a href=\"https:\/\/ktcsormland.se\/?attachment_id=1779\" rel=\"attachment wp-att-1779\"><img loading=\"lazy\" decoding=\"async\" class=\"alignleft wp-image-1779\" src=\"http:\/\/media.ktcsormland.se\/2011\/09\/IMG_1356.JPG14-300x244.jpg\" alt=\"\" width=\"193\" height=\"157\" srcset=\"http:\/\/media.ktcsormland.se\/2011\/09\/IMG_1356.JPG14-300x244.jpg 300w, http:\/\/media.ktcsormland.se\/2011\/09\/IMG_1356.JPG14-768x626.jpg 768w, http:\/\/media.ktcsormland.se\/2011\/09\/IMG_1356.JPG14-1024x834.jpg 1024w, http:\/\/media.ktcsormland.se\/2011\/09\/IMG_1356.JPG14.jpg 1501w\" sizes=\"auto, (max-width: 193px) 100vw, 193px\" \/><\/a><a href=\"https:\/\/ktcsormland.se\/?attachment_id=1781\" rel=\"attachment wp-att-1781\"><img loading=\"lazy\" decoding=\"async\" class=\"alignleft wp-image-1781\" src=\"http:\/\/media.ktcsormland.se\/2011\/09\/IMG_1369.JPG10-1-300x234.jpg\" alt=\"\" width=\"200\" height=\"156\" srcset=\"http:\/\/media.ktcsormland.se\/2011\/09\/IMG_1369.JPG10-1-300x234.jpg 300w, http:\/\/media.ktcsormland.se\/2011\/09\/IMG_1369.JPG10-1-768x600.jpg 768w, http:\/\/media.ktcsormland.se\/2011\/09\/IMG_1369.JPG10-1-1024x800.jpg 1024w, http:\/\/media.ktcsormland.se\/2011\/09\/IMG_1369.JPG10-1.jpg 1733w\" sizes=\"auto, (max-width: 200px) 100vw, 200px\" \/><\/a><\/p>\n<p>&nbsp;<\/p>\n<p>&nbsp;<\/p>\n<p>&nbsp;<\/p>\n<p>&nbsp;<\/p>\n<p>&nbsp;<\/p>\n<p><img loading=\"lazy\" decoding=\"async\" class=\"wp-image-1788 alignleft\" src=\"http:\/\/media.ktcsormland.se\/2011\/09\/IMG_1378.JPG6_-300x221.jpg\" alt=\"\" width=\"209\" height=\"154\" srcset=\"http:\/\/media.ktcsormland.se\/2011\/09\/IMG_1378.JPG6_-300x221.jpg 300w, http:\/\/media.ktcsormland.se\/2011\/09\/IMG_1378.JPG6_-768x565.jpg 768w, http:\/\/media.ktcsormland.se\/2011\/09\/IMG_1378.JPG6_-1024x754.jpg 1024w, http:\/\/media.ktcsormland.se\/2011\/09\/IMG_1378.JPG6_.jpg 1972w\" sizes=\"auto, (max-width: 209px) 100vw, 209px\" \/><\/p>\n<p><span style=\"color: #000000;\">V\u00e5rt prim\u00e4ra syfte var att ta del av f\u00f6rel\u00e4sningarna som gavs varje dag. Understrykas skall att kongressen till stor del riktades mot barns trauma i konfliktomr\u00e5den. Som en motverkande kraft mot traumatisering lades stor vikt vid barns utbildning. Detta \u00e4r naturligtvis mycket viktigt i alla avseenden, ett klassrum utg\u00f6r en trygghet i kaos, en lugn punkt.<\/span><\/p>\n<p><a href=\"https:\/\/ktcsormland.se\/?attachment_id=1770\" rel=\"attachment wp-att-1770\"><img loading=\"lazy\" decoding=\"async\" class=\"alignleft wp-image-1770\" src=\"http:\/\/media.ktcsormland.se\/2011\/09\/IMG_1347.JPG20-300x183.jpg\" alt=\"\" width=\"243\" height=\"148\" srcset=\"http:\/\/media.ktcsormland.se\/2011\/09\/IMG_1347.JPG20-300x183.jpg 300w, http:\/\/media.ktcsormland.se\/2011\/09\/IMG_1347.JPG20-768x468.jpg 768w, http:\/\/media.ktcsormland.se\/2011\/09\/IMG_1347.JPG20-1024x624.jpg 1024w, http:\/\/media.ktcsormland.se\/2011\/09\/IMG_1347.JPG20.jpg 1863w\" sizes=\"auto, (max-width: 243px) 100vw, 243px\" \/><\/a><a href=\"https:\/\/ktcsormland.se\/?attachment_id=1769\" rel=\"attachment wp-att-1769\"><img loading=\"lazy\" decoding=\"async\" class=\"alignleft wp-image-1769\" src=\"http:\/\/media.ktcsormland.se\/2011\/09\/IMG_1318.JPG28-300x223.jpg\" alt=\"\" width=\"201\" height=\"149\" srcset=\"http:\/\/media.ktcsormland.se\/2011\/09\/IMG_1318.JPG28-300x223.jpg 300w, http:\/\/media.ktcsormland.se\/2011\/09\/IMG_1318.JPG28-768x570.jpg 768w, http:\/\/media.ktcsormland.se\/2011\/09\/IMG_1318.JPG28-1024x761.jpg 1024w, http:\/\/media.ktcsormland.se\/2011\/09\/IMG_1318.JPG28.jpg 1990w\" sizes=\"auto, (max-width: 201px) 100vw, 201px\" \/><\/a><\/p>\n<p>&nbsp;<\/p>\n<p>&nbsp;<\/p>\n<p>&nbsp;<\/p>\n<p>&nbsp;<\/p>\n<p><a href=\"https:\/\/ktcsormland.se\/?attachment_id=1771\" rel=\"attachment wp-att-1771\"><img loading=\"lazy\" decoding=\"async\" class=\"alignleft wp-image-1771\" src=\"http:\/\/media.ktcsormland.se\/2011\/09\/IMG_1343.JPG22-300x224.jpg\" alt=\"\" width=\"205\" height=\"153\" srcset=\"http:\/\/media.ktcsormland.se\/2011\/09\/IMG_1343.JPG22-300x224.jpg 300w, http:\/\/media.ktcsormland.se\/2011\/09\/IMG_1343.JPG22-768x574.jpg 768w, http:\/\/media.ktcsormland.se\/2011\/09\/IMG_1343.JPG22-1024x766.jpg 1024w, http:\/\/media.ktcsormland.se\/2011\/09\/IMG_1343.JPG22.jpg 1863w\" sizes=\"auto, (max-width: 205px) 100vw, 205px\" \/><\/a><a href=\"https:\/\/ktcsormland.se\/?attachment_id=1778\" rel=\"attachment wp-att-1778\"><img loading=\"lazy\" decoding=\"async\" class=\"alignleft wp-image-1778\" src=\"http:\/\/media.ktcsormland.se\/2011\/09\/IMG_1355.JPG15-300x204.jpg\" alt=\"\" width=\"225\" height=\"153\" srcset=\"http:\/\/media.ktcsormland.se\/2011\/09\/IMG_1355.JPG15-300x204.jpg 300w, http:\/\/media.ktcsormland.se\/2011\/09\/IMG_1355.JPG15-768x522.jpg 768w, http:\/\/media.ktcsormland.se\/2011\/09\/IMG_1355.JPG15-1024x697.jpg 1024w, http:\/\/media.ktcsormland.se\/2011\/09\/IMG_1355.JPG15.jpg 1798w\" sizes=\"auto, (max-width: 225px) 100vw, 225px\" \/><\/a><\/p>\n<p>&nbsp;<\/p>\n<p>&nbsp;<\/p>\n<p>&nbsp;<\/p>\n<p>&nbsp;<\/p>\n<p><a href=\"https:\/\/ktcsormland.se\/?attachment_id=1772\" rel=\"attachment wp-att-1772\"><img loading=\"lazy\" decoding=\"async\" class=\"wp-image-1772 alignleft\" src=\"http:\/\/media.ktcsormland.se\/2011\/09\/IMG_1353.JPG17-300x225.jpg\" alt=\"\" width=\"201\" height=\"151\" srcset=\"http:\/\/media.ktcsormland.se\/2011\/09\/IMG_1353.JPG17-300x225.jpg 300w, http:\/\/media.ktcsormland.se\/2011\/09\/IMG_1353.JPG17-768x576.jpg 768w, http:\/\/media.ktcsormland.se\/2011\/09\/IMG_1353.JPG17-1024x767.jpg 1024w, http:\/\/media.ktcsormland.se\/2011\/09\/IMG_1353.JPG17.jpg 1345w\" sizes=\"auto, (max-width: 201px) 100vw, 201px\" \/><\/a><\/p>\n<p>&nbsp;<\/p>\n<p>&nbsp;<\/p>\n<p>&nbsp;<\/p>\n<p>&nbsp;<\/p>\n<p><span style=\"color: #000000;\">Vi v\u00e4ntade p\u00e5 \u00e4mnet om psykologisk behandling av trauma och hur man t\u00e4nkte kring detta.<\/span><\/p>\n<p><a href=\"https:\/\/ktcsormland.se\/?attachment_id=1785\" rel=\"attachment wp-att-1785\"><img loading=\"lazy\" decoding=\"async\" class=\"alignleft wp-image-1785\" src=\"http:\/\/media.ktcsormland.se\/2011\/09\/IMG_1361.JPG11-227x300.jpg\" alt=\"\" width=\"182\" height=\"241\" srcset=\"http:\/\/media.ktcsormland.se\/2011\/09\/IMG_1361.JPG11-227x300.jpg 227w, http:\/\/media.ktcsormland.se\/2011\/09\/IMG_1361.JPG11-768x1014.jpg 768w, http:\/\/media.ktcsormland.se\/2011\/09\/IMG_1361.JPG11-776x1024.jpg 776w, http:\/\/media.ktcsormland.se\/2011\/09\/IMG_1361.JPG11.jpg 1085w\" sizes=\"auto, (max-width: 182px) 100vw, 182px\" \/><\/a><\/p>\n<p><span style=\"color: #000000;\">\u00c4mnet togs upp under en f\u00f6rel\u00e4sningsdag men vi kan inte s\u00e4ga att det egentligen tillf\u00f6rde oss n\u00e5got nytt. D\u00e4remot var det vid ett tillf\u00e4lle en f\u00f6rel\u00e4sarpanel d\u00e4r en livad diskussion uppstod.<\/span><\/p>\n<p><span style=\"color: #000000;\">En av f\u00f6rel\u00e4sarna i panelen ifr\u00e5gasatte huruvida utbildning alltid \u00e4r en l\u00f6sning eller f\u00f6ruts\u00e4ttning f\u00f6r att konflikter och trauman ska undvikas i v\u00e4rlden, s\u00e5som det gamla tales\u00e4ttet \u201dD\u00e4r hj\u00e4rnan tar slut tar n\u00e4varna vid!<\/span><\/p>\n<p><a href=\"https:\/\/ktcsormland.se\/?attachment_id=1773\" rel=\"attachment wp-att-1773\"><img loading=\"lazy\" decoding=\"async\" class=\"wp-image-1773 alignleft\" src=\"http:\/\/media.ktcsormland.se\/2011\/09\/IMG_1352.JPG18-300x224.jpg\" alt=\"\" width=\"200\" height=\"149\" srcset=\"http:\/\/media.ktcsormland.se\/2011\/09\/IMG_1352.JPG18-300x224.jpg 300w, http:\/\/media.ktcsormland.se\/2011\/09\/IMG_1352.JPG18-768x575.jpg 768w, http:\/\/media.ktcsormland.se\/2011\/09\/IMG_1352.JPG18-1024x766.jpg 1024w, http:\/\/media.ktcsormland.se\/2011\/09\/IMG_1352.JPG18.jpg 1776w\" sizes=\"auto, (max-width: 200px) 100vw, 200px\" \/><\/a><a href=\"https:\/\/ktcsormland.se\/?attachment_id=1787\" rel=\"attachment wp-att-1787\"><img loading=\"lazy\" decoding=\"async\" class=\"alignleft wp-image-1787\" src=\"http:\/\/media.ktcsormland.se\/2011\/09\/IMG_1370.JPG9_-300x270.jpg\" alt=\"\" width=\"179\" height=\"161\" srcset=\"http:\/\/media.ktcsormland.se\/2011\/09\/IMG_1370.JPG9_-300x270.jpg 300w, http:\/\/media.ktcsormland.se\/2011\/09\/IMG_1370.JPG9_-768x690.jpg 768w, http:\/\/media.ktcsormland.se\/2011\/09\/IMG_1370.JPG9_-1024x920.jpg 1024w, http:\/\/media.ktcsormland.se\/2011\/09\/IMG_1370.JPG9_.jpg 1481w\" sizes=\"auto, (max-width: 179px) 100vw, 179px\" \/><\/a><\/p>\n<p>&nbsp;<\/p>\n<p>&nbsp;<\/p>\n<p>&nbsp;<\/p>\n<p>&nbsp;<\/p>\n<p><span style=\"color: #000000;\">Han tog som exempel f\u00f6rintelsen, inb\u00f6rdeskriget p\u00e5 Balkan och liknande v\u00e4pnade konflikter och folkmord. Dessa fasor startades inte av outbildade m\u00e4nniskor. Intressant vinkling. Likas\u00e5 tog han som exempel profeten Muhammed som gifte sig med en nio\u00e5rig flicka.<\/span><\/p>\n<p><span style=\"color: #000000;\">Nu b\u00f6rjade st\u00e4mningen k\u00e4nnas sp\u00e4nd bland \u00e5h\u00f6rarna. Fr\u00e5gestunden kom och mikrofonen vandrade runt som en stafettpinne p\u00e5 sprintdistans. \u00c5h\u00f6rarna bestod ju b\u00e5de av kristna och muslimer. De sistn\u00e4mnda var naturligtvis mycket uppr\u00f6rda \u00f6ver att profeten Muhammed togs upp i sammanhanget. De h\u00e4vdade att det var taget ur sitt sammanhang, att det var ett missf\u00f6rst\u00e5nd, att tiderna var annorlunda d\u00e5, att alla l\u00e4nder sj\u00e4lva best\u00e4mmer vid vilken \u00e5lder en man f\u00e5r gifta sig med en kvinna, oavsett om det \u00e4r 21 \u00e5r, 18 \u00e5r eller s\u00e5 fort kvinnan (flickan) \u00e4r k\u00f6nsmogen. Detta p\u00e5 en kongress med en stark tonvikt p\u00e5 trauma och barn. Fullst\u00e4ndig dubbelmoral och helt absurt! Punkt!<\/span><\/p>\n<p><a href=\"https:\/\/ktcsormland.se\/?attachment_id=1774\" rel=\"attachment wp-att-1774\"><img loading=\"lazy\" decoding=\"async\" class=\"alignleft wp-image-1774\" src=\"http:\/\/media.ktcsormland.se\/2011\/09\/image1.JPG-1-262x300.jpg\" alt=\"\" width=\"176\" height=\"202\" srcset=\"http:\/\/media.ktcsormland.se\/2011\/09\/image1.JPG-1-262x300.jpg 262w, http:\/\/media.ktcsormland.se\/2011\/09\/image1.JPG-1.jpg 472w\" sizes=\"auto, (max-width: 176px) 100vw, 176px\" \/><\/a><\/p>\n<p><span style=\"color: #000000;\">I detta hela kunde vi sk\u00f6nja den otroliga sv\u00e5righeten att balansera allt, religion, den v\u00e4rldspolitiska scenen och faktiskt kunna n\u00e5 fram med hj\u00e4lp till oskyldiga barn. Sammanfattningsvis, Shejker med enorma, n\u00e4stan ofattbara rikedomar, FN sitter till en hel del i kn\u00e4et p\u00e5 dem, hj\u00e4lparbetarna ute p\u00e5 f\u00e4ltet befinner sig l\u00e5ngt d\u00e4rifr\u00e5n. Pessimistiskt? Nej! \u00a0Cyniskt? Nej! Realistiskt? Ja!\u201d<\/span><\/p>\n<p>&nbsp;<\/p>\n<p>&nbsp;<\/p>\n<p><a href=\"https:\/\/ktcsormland.se\/?attachment_id=1758\" rel=\"attachment wp-att-1758\"><img loading=\"lazy\" decoding=\"async\" class=\"alignleft size-medium wp-image-1758\" src=\"http:\/\/media.ktcsormland.se\/2011\/09\/IMG_1289.JPG30-107x300.jpg\" alt=\"\" width=\"107\" height=\"300\" srcset=\"http:\/\/media.ktcsormland.se\/2011\/09\/IMG_1289.JPG30-107x300.jpg 107w, http:\/\/media.ktcsormland.se\/2011\/09\/IMG_1289.JPG30-364x1024.jpg 364w, http:\/\/media.ktcsormland.se\/2011\/09\/IMG_1289.JPG30.jpg 709w\" sizes=\"auto, (max-width: 107px) 100vw, 107px\" \/><\/a><\/p>\n<p>&nbsp;<\/p>\n<p>&nbsp;<\/p>\n<p>&nbsp;<\/p>\n<p>&nbsp;<\/p>\n<p>&nbsp;<\/p>\n<p>&nbsp;<\/p>\n<p><em><strong>Niko Laine \u00a0\/\u00a0Kris &amp; TraumaCentrum S\u00f6rmland<\/strong><\/em><\/p>\n<p>&#8212;&#8212;&#8212;&#8212;&#8212;&#8212;&#8212;&#8212;&#8212;&#8212;&#8212;&#8212;&#8212;&#8212;&#8212;&#8212;&#8212;&#8212;&#8212;&#8212;&#8212;&#8212;&#8212;&#8212;&#8212;&#8212;&#8212;&#8212;&#8212;&#8212;&#8212;&#8212;&#8212;&#8212;-<\/p>\n<p><strong><span style=\"color: #ff0000;\">17-03-10<\/span><\/strong>\u00a0<strong>Kurs i Transaktionsanalys, TA.\u00a0<\/strong><\/p>\n<p><span style=\"color: #000000;\">Kris &amp; TraumaCentrum S\u00f6rmland anordnar en helgkurs i TA 13-14 maj 2017 i Stockholm.<\/span><\/p>\n<p><span style=\"color: #000000;\">Plats, Vegagatan 8 vid Odenplan. Pris 4000 exkl. moms. Max. 20 deltagare.<\/span><\/p>\n<p><span style=\"color: #000000;\">Studiematerial och fika \u00e4r inkluderat b\u00e5da dagarna. Kursledare, Annika Bj\u00f6rk, leg. psykoterapeut, handledare och utbildare i TA.<\/span><\/p>\n<p><span style=\"color: #000000;\">Metoden \u00e4r omtalad, dock finns det allt f\u00e4rre idag som kan ge en sann och mycket genuin insikt i metoden. Vi har haft en stor tur att f\u00e5 kontakt med en av de fr\u00e4msta i metoden och som kommer till Stockholm fr\u00e5n Malm\u00f6 f\u00f6r att ge kursen.<\/span><\/p>\n<p><span style=\"color: #000000;\">Transaktionsanalys, TA, \u00e4r en personlighetsteori och en metod f\u00f6r personlig utveckling och mellanm\u00e4nsklig probleml\u00f6sning. TA har l\u00e4nge anv\u00e4nts \u00f6ver hela v\u00e4rlden f\u00f6r att f\u00f6rst\u00e5 och f\u00f6rb\u00e4ttra samspel och kommunikation m\u00e4nniskor emellan.<\/span><\/p>\n<p><span style=\"color: #000000;\">TA har s\u00e4rskilda till\u00e4mpningar inom psykoterapi, r\u00e5dgivning, utbildning och organisationsutveckling. TA \u00e4r ett utm\u00e4rkt redskap b\u00e5de f\u00f6r \u00f6kad sj\u00e4lvinsikt och f\u00f6r professionell kompetensutveckling inom alla former av m\u00e4nniskov\u00e5rdande yrken.<\/span><\/p>\n<p><span style=\"color: #000000;\">TA:s grundbegrepp presenteras i teori och praktik.<\/span><\/p>\n<p><span style=\"color: #000000;\"><strong><em>Jag tillst\u00e5nd, transaktioner, uppm\u00e4rksamhet, favoritk\u00e4nslor, psykologiska spel och livsskript<\/em><\/strong><em>\u00a0<\/em>\u00e4r n\u00e5gra av de begrepp som tas upp p\u00e5 kursen.\u00a0 Efter genomg\u00e5ngen kurs har man en god grund f\u00f6r att ta st\u00e4llning till TA som teori och metod.<\/span><\/p>\n<p><strong>F\u00f6r anm\u00e4lan, kontakt, kontakta Niko Laine, leg. psykoterapeut och handledare i psykoterapi.\u00a0\u00a0\u00a0<\/strong><strong>Tel. 0734-163404\u00a0\u00a0\u00a0<\/strong><\/p>\n<p>&#8212;&#8212;&#8212;&#8212;&#8212;&#8212;&#8212;&#8212;&#8212;&#8212;&#8212;&#8212;&#8212;&#8212;&#8212;&#8212;&#8212;&#8212;&#8212;&#8212;&#8212;&#8212;&#8212;&#8212;&#8212;&#8212;&#8212;&#8212;&#8212;&#8212;&#8212;&#8212;&#8212;&#8212;&#8212;<\/p>\n<p><strong><span style=\"color: #ff0000;\">17-02-14<\/span><\/strong><span style=\"color: #000000;\">\u00a0\u201dThe purpose of therapy is to help the client acknowledge, experience, and bear reality\u201d (Bessel Van Der Kolk).<\/span><\/p>\n<p>&nbsp;<\/p>\n","protected":false},"excerpt":{"rendered":"<p>17-05-11\u00a0Reseskildring fr\u00e5n Irak 17-04-26\u00a0under meny; Erfarenheter. &#8212;&#8212;&#8212;&#8212;&#8212;&#8212;&#8212;&#8212;&#8212;&#8212;&#8212;&#8212;&#8212;&#8212;&#8212;&#8212;&#8212;&#8212;&#8212;&#8212;&#8212;&#8212;&#8212;&#8212;&#8212;&#8212;&#8212;&#8212;&#8212;&#8212;- 17-04-28\u00a0Kris &amp; TraumaCentrum S\u00f6rmland \u00e4r p\u00e5 plats i IRAK. &nbsp; &nbsp; &nbsp; &nbsp; \u201dKris &amp; TraumaCentrum S\u00f6rmland bes\u00f6kte\u00a0kongressen DIHAD,\u00a0http:\/\/dihad.org\/\u00a0Dubai International\u00a0Humanitarian\u00a0Aid\u00a0&amp; Development\u00a0Conference &amp; Exhibition\u00a0i Dubai, 21-23 mars 2017. &nbsp; &nbsp; &nbsp; &nbsp; Vi anl\u00e4nde &hellip; <a href=\"https:\/\/ktcsormland.se\/?page_id=1975\">Forts\u00e4tt l\u00e4sa <span class=\"meta-nav\">&rarr;<\/span><\/a><\/p>\n","protected":false},"author":1,"featured_media":0,"parent":0,"menu_order":0,"comment_status":"closed","ping_status":"closed","template":"","meta":{"footnotes":""},"class_list":["post-1975","page","type-page","status-publish","hentry"],"_links":{"self":[{"href":"https:\/\/ktcsormland.se\/index.php?rest_route=\/wp\/v2\/pages\/1975","targetHints":{"allow":["GET"]}}],"collection":[{"href":"https:\/\/ktcsormland.se\/index.php?rest_route=\/wp\/v2\/pages"}],"about":[{"href":"https:\/\/ktcsormland.se\/index.php?rest_route=\/wp\/v2\/types\/page"}],"author":[{"embeddable":true,"href":"https:\/\/ktcsormland.se\/index.php?rest_route=\/wp\/v2\/users\/1"}],"replies":[{"embeddable":true,"href":"https:\/\/ktcsormland.se\/index.php?rest_route=%2Fwp%2Fv2%2Fcomments&post=1975"}],"version-history":[{"count":20,"href":"https:\/\/ktcsormland.se\/index.php?rest_route=\/wp\/v2\/pages\/1975\/revisions"}],"predecessor-version":[{"id":2058,"href":"https:\/\/ktcsormland.se\/index.php?rest_route=\/wp\/v2\/pages\/1975\/revisions\/2058"}],"wp:attachment":[{"href":"https:\/\/ktcsormland.se\/index.php?rest_route=%2Fwp%2Fv2%2Fmedia&parent=1975"}],"curies":[{"name":"wp","href":"https:\/\/api.w.org\/{rel}","templated":true}]}}