{"id":1973,"date":"2018-10-23T12:52:09","date_gmt":"2018-10-23T10:52:09","guid":{"rendered":"http:\/\/ktcsormland.se\/?page_id=1973"},"modified":"2019-01-29T21:59:47","modified_gmt":"2019-01-29T20:59:47","slug":"nyheter-2018","status":"publish","type":"page","link":"https:\/\/ktcsormland.se\/?page_id=1973","title":{"rendered":"Nyheter 2018"},"content":{"rendered":"<p><span style=\"color: #ff0000;\"><strong>18<\/strong>&#8211;<strong>12-23\u00a0<\/strong><\/span><span style=\"color: #000000;\">D\u00e5 g\u00e5r vi snart in mot det 11 \u00e5ret med Kris &amp; TraumaCentrum S\u00f6rmland och \u00f6nskar alla v\u00e4nner samt samarbetspartners en God Jul och ett Gott Nytt \u00c5r!\u00a0<\/span><span style=\"color: #000000;\">We wish all our friends and colleagues around the world, merry Christmas and a happy new year! We\u2019re looking forward to next year and keep on working with you all!<\/span><\/p>\n<p><strong><span style=\"color: #ff0000;\">18-11-01<\/span><\/strong> <span style=\"color: #000000;\">Lyssna p\u00e5 P4 S\u00f6rmland\u00a0med Lars &amp; Niko om sorg, kris och trauma: <a href=\"https:\/\/t.sr.se\/2qn2Z9v\"><strong><span style=\"color: #000080;\">https:\/\/t.sr.se\/2qn2Z9v<\/span><\/strong><\/a><\/span><\/p>\n<p><span style=\"color: #000000;\"><strong><span style=\"color: #ff0000;\">18-08-24<\/span><\/strong>\u00a0D\u00e5 vi p\u00e5 Kris &amp; TraumaCentrum S\u00f6rmland idag flyttat hela v\u00e5r verksamhet tillbaka till Sverige kan vi erbjuda dig en snabb psykoterapeutisk kontakt, inom 14 dagar. Vi \u00e4r ett privat alternativ till en samtalskontakt p\u00e5 landstinget.\u00a0 En s\u00e5dan tar vanligtvis mellan 3-6 m\u00e5nader. Kontakta oss, vi erbjuder snabb professionell hj\u00e4lp. Vi finns b\u00e5de i Nyk\u00f6ping och Stockholm. Bes\u00f6k g\u00e4rna v\u00e5r hemsida.\u00a0<a style=\"color: #000000;\" href=\"http:\/\/www.ktcsormland.se\/\" data-auth=\"NotApplicable\">www.ktcsormland.se<\/a><\/span><br \/>\n<span style=\"color: #000000;\"><strong>tel. 0734-163404 alt. 070-2775956.<\/strong><\/span><\/p>\n<p><span style=\"color: #000000;\"><strong><span style=\"color: #ff0000;\">18-02-06<\/span><\/strong>\u00a0Kris och Traumacentrum S\u00f6rmland firar 10 \u00e5r. Vi har upplevt en resa vi aldrig kunnat dr\u00f6mma om inom alla v\u00e5ra arbetsomr\u00e5den och vi ser fram emot kommande \u00e5r d\u00e4r vi har mycket att se fram emot med nya utmaningar och planer.\u00a0<\/span><\/p>\n<p><span style=\"color: #000000;\"><strong><span style=\"color: #ff0000;\">18-02-01<\/span><\/strong>\u00a0Fr\u00e5n och med terminstarten vt-18 samarbetar vi med CKPT S\u00f6rmland\/Stockholm d\u00e4r vi bist\u00e5r med handledning \u00e5t <strong>Steg 1<\/strong> elever i grundl\u00e4ggande psykoterapi.<\/span><\/p>\n","protected":false},"excerpt":{"rendered":"<p>18&#8211;12-23\u00a0D\u00e5 g\u00e5r vi snart in mot det 11 \u00e5ret med Kris &amp; TraumaCentrum S\u00f6rmland och \u00f6nskar alla v\u00e4nner samt samarbetspartners en God Jul och ett Gott Nytt \u00c5r!\u00a0We wish all our friends and colleagues around the world, merry Christmas and &hellip; <a href=\"https:\/\/ktcsormland.se\/?page_id=1973\">Forts\u00e4tt l\u00e4sa <span class=\"meta-nav\">&rarr;<\/span><\/a><\/p>\n","protected":false},"author":1,"featured_media":0,"parent":0,"menu_order":0,"comment_status":"closed","ping_status":"closed","template":"","meta":{"footnotes":""},"class_list":["post-1973","page","type-page","status-publish","hentry"],"_links":{"self":[{"href":"https:\/\/ktcsormland.se\/index.php?rest_route=\/wp\/v2\/pages\/1973","targetHints":{"allow":["GET"]}}],"collection":[{"href":"https:\/\/ktcsormland.se\/index.php?rest_route=\/wp\/v2\/pages"}],"about":[{"href":"https:\/\/ktcsormland.se\/index.php?rest_route=\/wp\/v2\/types\/page"}],"author":[{"embeddable":true,"href":"https:\/\/ktcsormland.se\/index.php?rest_route=\/wp\/v2\/users\/1"}],"replies":[{"embeddable":true,"href":"https:\/\/ktcsormland.se\/index.php?rest_route=%2Fwp%2Fv2%2Fcomments&post=1973"}],"version-history":[{"count":6,"href":"https:\/\/ktcsormland.se\/index.php?rest_route=\/wp\/v2\/pages\/1973\/revisions"}],"predecessor-version":[{"id":2146,"href":"https:\/\/ktcsormland.se\/index.php?rest_route=\/wp\/v2\/pages\/1973\/revisions\/2146"}],"wp:attachment":[{"href":"https:\/\/ktcsormland.se\/index.php?rest_route=%2Fwp%2Fv2%2Fmedia&parent=1973"}],"curies":[{"name":"wp","href":"https:\/\/api.w.org\/{rel}","templated":true}]}}