{"id":15,"date":"2011-09-29T10:47:08","date_gmt":"2011-09-29T08:47:08","guid":{"rendered":"http:\/\/ktcsormland.se\/?page_id=15"},"modified":"2024-12-19T12:50:05","modified_gmt":"2024-12-19T11:50:05","slug":"kris-och-traumacentrum-sormland","status":"publish","type":"page","link":"https:\/\/ktcsormland.se\/?page_id=15","title":{"rendered":"Om oss"},"content":{"rendered":"<h2>Jag som f\u00f6rest\u00e5r Kris &amp; Trauma Centrum S\u00f6rmland<\/h2>\n<p><strong>Niko Laine <\/strong><span style=\"color: #000000;\">Leg. psykoterapeut, handledare och\u00a0l\u00e4rare i\u00a0kognitiv psykoterapi.<\/span><\/p>\n<p><span style=\"color: #000000;\">\u00a0<\/span><span style=\"color: #000000;\">Mobil<\/span>:<strong>076-405 92 09 \/ <\/strong><span style=\"color: #000000;\">Mail: <span style=\"color: #0000ff;\"><a title=\"info@ktcsormland.se\" href=\"mailto:info@ktcsormland.se\">info@ktcsormland.se<\/a><\/span><\/span><\/p>\n<p><a href=\"https:\/\/ktcsormland.se\/?attachment_id=2276\" rel=\"attachment wp-att-2276\"><img loading=\"lazy\" decoding=\"async\" class=\"alignleft  wp-image-2276\" src=\"http:\/\/media.ktcsormland.se\/2019\/02\/unnamed-file-2-225x300.jpg\" alt=\"\" width=\"195\" height=\"260\" srcset=\"http:\/\/media.ktcsormland.se\/2019\/02\/unnamed-file-2-225x300.jpg 225w, http:\/\/media.ktcsormland.se\/2019\/02\/unnamed-file-2.jpg 481w\" sizes=\"auto, (max-width: 195px) 100vw, 195px\" \/><\/a><\/p>\n<h2><em>Bakgrund<\/em><\/h2>\n<p><span style=\"color: #000000;\">Jag har en universitetsexamen med psykologi som huvud\u00e4mne. Min<\/span> <span style=\"color: #000000;\">psykoterapeutiska inriktning utg\u00e5r fr\u00e5n den kognitiva och<\/span> <span style=\"color: #000000;\">beteendeterapeutiska teoribildningen. Jag erh\u00f6ll min psykoterapilegitimation \u00e5r 2004 och<\/span> <span style=\"color: #000000;\">blev f\u00e4rdig handledare och l\u00e4rare i psykoterapi via studier p\u00e5 Link\u00f6pings universitet 2010.<\/span><\/p>\n<p><span style=\"color: #000000;\">Jag har sedan 15 \u00e5r intresserat mig mycket f\u00f6r klienter som har trauman i sin bakgrund. M\u00e5nga tror att trauman enbart uppst\u00e5r vid sv\u00e5ra h\u00e4ndelser som \u00f6vergrepp och v\u00e5ld men trauman kan \u00e4ven handla om bristande f\u00f6rm\u00e5ga hos v\u00e5r v\u00e5rdnadshavare att se oss.<\/span><\/p>\n<p><span style=\"color: #000000;\">Trauma kan uttrycka sig p\u00e5 m\u00e5nga olika s\u00e4tt. Det gemensamma f\u00f6r trauman \u00e4r att det hindrar oss ifr\u00e5n att leva det liv vi vill leva. Detta \u00e4r inte alltid l\u00e4tt sj\u00e4lv att uppt\u00e4cka samband mellan h\u00e4ndelser tidigare i livet och reaktioner vi har idag. Jag har detta som en central utg\u00e5ngspunkt i mitt psykoterapeutiska arbete. Jag l\u00e4rde mig att arbeta systematiskt och praktiskt med anknytningsteori i slutet p\u00e5 90-talet, fr\u00e5n Mary Main och hennes forskningsteam i Toronto, Canada.<\/span><\/p>\n<p>&nbsp;<\/p>\n<p><strong>\u00a0<\/strong><\/p>\n<h2>\u00a0<\/h2>\n<h2><em>\u00a0<\/em><\/h2>\n<p style=\"word-spacing: 0px; orphans: 2; widows: 2; font-variant-ligatures: normal; font-variant-caps: normal; -webkit-text-stroke-width: 0px;\">\u00a0<\/p>\n\n\n<p><\/p>\n\n\n\n<p><\/p>\n","protected":false},"excerpt":{"rendered":"<p>Jag som f\u00f6rest\u00e5r Kris &amp; Trauma Centrum S\u00f6rmland Niko Laine Leg. psykoterapeut, handledare och\u00a0l\u00e4rare i\u00a0kognitiv psykoterapi. \u00a0Mobil:076-405 92 09 \/ Mail: info@ktcsormland.se Bakgrund Jag har en universitetsexamen med psykologi som huvud\u00e4mne. Min psykoterapeutiska inriktning utg\u00e5r fr\u00e5n den kognitiva och beteendeterapeutiska &hellip; <a href=\"https:\/\/ktcsormland.se\/?page_id=15\">Forts\u00e4tt l\u00e4sa <span class=\"meta-nav\">&rarr;<\/span><\/a><\/p>\n","protected":false},"author":1,"featured_media":0,"parent":0,"menu_order":0,"comment_status":"closed","ping_status":"closed","template":"","meta":{"footnotes":""},"class_list":["post-15","page","type-page","status-publish","hentry"],"_links":{"self":[{"href":"https:\/\/ktcsormland.se\/index.php?rest_route=\/wp\/v2\/pages\/15","targetHints":{"allow":["GET"]}}],"collection":[{"href":"https:\/\/ktcsormland.se\/index.php?rest_route=\/wp\/v2\/pages"}],"about":[{"href":"https:\/\/ktcsormland.se\/index.php?rest_route=\/wp\/v2\/types\/page"}],"author":[{"embeddable":true,"href":"https:\/\/ktcsormland.se\/index.php?rest_route=\/wp\/v2\/users\/1"}],"replies":[{"embeddable":true,"href":"https:\/\/ktcsormland.se\/index.php?rest_route=%2Fwp%2Fv2%2Fcomments&post=15"}],"version-history":[{"count":155,"href":"https:\/\/ktcsormland.se\/index.php?rest_route=\/wp\/v2\/pages\/15\/revisions"}],"predecessor-version":[{"id":2586,"href":"https:\/\/ktcsormland.se\/index.php?rest_route=\/wp\/v2\/pages\/15\/revisions\/2586"}],"wp:attachment":[{"href":"https:\/\/ktcsormland.se\/index.php?rest_route=%2Fwp%2Fv2%2Fmedia&parent=15"}],"curies":[{"name":"wp","href":"https:\/\/api.w.org\/{rel}","templated":true}]}}